{"id":46206,"date":"2025-08-05T23:29:17","date_gmt":"2025-08-05T20:29:17","guid":{"rendered":"https:\/\/mudvii.shop\/?page_id=46206"},"modified":"2025-09-22T16:34:48","modified_gmt":"2025-09-22T13:34:48","slug":"bloom-renginiai","status":"publish","type":"page","link":"https:\/\/mudvii.shop\/en\/bloom-renginiai\/","title":{"rendered":""},"content":{"rendered":"\t\t<div data-elementor-type=\"wp-page\" data-elementor-id=\"46206\" class=\"elementor elementor-46206\">\n\t\t\t\t<div class=\"elementor-element elementor-element-e4400fd e-con-full e-flex e-con e-parent\" data-id=\"e4400fd\" data-element_type=\"container\" data-settings=\"{&quot;background_background&quot;:&quot;classic&quot;}\">\n\t\t\t\t<div class=\"elementor-element elementor-element-4c6ee34 elementor-widget elementor-widget-image\" data-id=\"4c6ee34\" data-element_type=\"widget\" data-widget_type=\"image.default\">\n\t\t\t\t<div class=\"elementor-widget-container\">\n\t\t\t\t\t\t\t\t\t\t\t\t\t\t\t<img fetchpriority=\"high\" decoding=\"async\" data-attachment-id=\"46377\" data-permalink=\"https:\/\/mudvii.shop\/en\/bloom-renginiai\/mudvii-bloom-logo-w-2\/\" data-orig-file=\"https:\/\/i0.wp.com\/mudvii.shop\/wp-content\/uploads\/2025\/08\/Mudvii-Bloom-LOGO-W-1.png?fit=3138%2C1656&amp;ssl=1\" data-orig-size=\"3138,1656\" data-comments-opened=\"1\" data-image-meta=\"{&quot;aperture&quot;:&quot;0&quot;,&quot;credit&quot;:&quot;&quot;,&quot;camera&quot;:&quot;&quot;,&quot;caption&quot;:&quot;&quot;,&quot;created_timestamp&quot;:&quot;0&quot;,&quot;copyright&quot;:&quot;&quot;,&quot;focal_length&quot;:&quot;0&quot;,&quot;iso&quot;:&quot;0&quot;,&quot;shutter_speed&quot;:&quot;0&quot;,&quot;title&quot;:&quot;&quot;,&quot;orientation&quot;:&quot;0&quot;}\" data-image-title=\"Mudvii Bloom LOGO W\" data-image-description=\"\" data-image-caption=\"\" data-medium-file=\"https:\/\/i0.wp.com\/mudvii.shop\/wp-content\/uploads\/2025\/08\/Mudvii-Bloom-LOGO-W-1.png?fit=300%2C158&amp;ssl=1\" data-large-file=\"https:\/\/i0.wp.com\/mudvii.shop\/wp-content\/uploads\/2025\/08\/Mudvii-Bloom-LOGO-W-1.png?fit=1024%2C540&amp;ssl=1\" width=\"1024\" height=\"540\" src=\"https:\/\/i0.wp.com\/mudvii.shop\/wp-content\/uploads\/2025\/08\/Mudvii-Bloom-LOGO-W-1.png?fit=1024%2C540&amp;ssl=1\" class=\"attachment-large size-large wp-image-46377\" alt=\"\" srcset=\"https:\/\/i0.wp.com\/mudvii.shop\/wp-content\/uploads\/2025\/08\/Mudvii-Bloom-LOGO-W-1.png?w=3138&amp;ssl=1 3138w, https:\/\/i0.wp.com\/mudvii.shop\/wp-content\/uploads\/2025\/08\/Mudvii-Bloom-LOGO-W-1.png?resize=300%2C158&amp;ssl=1 300w, https:\/\/i0.wp.com\/mudvii.shop\/wp-content\/uploads\/2025\/08\/Mudvii-Bloom-LOGO-W-1.png?resize=1024%2C540&amp;ssl=1 1024w, https:\/\/i0.wp.com\/mudvii.shop\/wp-content\/uploads\/2025\/08\/Mudvii-Bloom-LOGO-W-1.png?resize=768%2C405&amp;ssl=1 768w, https:\/\/i0.wp.com\/mudvii.shop\/wp-content\/uploads\/2025\/08\/Mudvii-Bloom-LOGO-W-1.png?resize=1536%2C811&amp;ssl=1 1536w, https:\/\/i0.wp.com\/mudvii.shop\/wp-content\/uploads\/2025\/08\/Mudvii-Bloom-LOGO-W-1.png?resize=2048%2C1081&amp;ssl=1 2048w, https:\/\/i0.wp.com\/mudvii.shop\/wp-content\/uploads\/2025\/08\/Mudvii-Bloom-LOGO-W-1.png?resize=18%2C9&amp;ssl=1 18w, https:\/\/i0.wp.com\/mudvii.shop\/wp-content\/uploads\/2025\/08\/Mudvii-Bloom-LOGO-W-1.png?resize=1900%2C1003&amp;ssl=1 1900w, https:\/\/i0.wp.com\/mudvii.shop\/wp-content\/uploads\/2025\/08\/Mudvii-Bloom-LOGO-W-1.png?resize=150%2C79&amp;ssl=1 150w, https:\/\/i0.wp.com\/mudvii.shop\/wp-content\/uploads\/2025\/08\/Mudvii-Bloom-LOGO-W-1.png?w=3000&amp;ssl=1 3000w\" sizes=\"(max-width: 1000px) 100vw, 1000px\" data-attachment-id=\"46377\" data-permalink=\"https:\/\/mudvii.shop\/en\/bloom-renginiai\/mudvii-bloom-logo-w-2\/\" data-orig-file=\"https:\/\/i0.wp.com\/mudvii.shop\/wp-content\/uploads\/2025\/08\/Mudvii-Bloom-LOGO-W-1.png?fit=3138%2C1656&amp;ssl=1\" data-orig-size=\"3138,1656\" data-comments-opened=\"1\" data-image-meta=\"{&quot;aperture&quot;:&quot;0&quot;,&quot;credit&quot;:&quot;&quot;,&quot;camera&quot;:&quot;&quot;,&quot;caption&quot;:&quot;&quot;,&quot;created_timestamp&quot;:&quot;0&quot;,&quot;copyright&quot;:&quot;&quot;,&quot;focal_length&quot;:&quot;0&quot;,&quot;iso&quot;:&quot;0&quot;,&quot;shutter_speed&quot;:&quot;0&quot;,&quot;title&quot;:&quot;&quot;,&quot;orientation&quot;:&quot;0&quot;}\" data-image-title=\"Mudvii Bloom LOGO W\" data-image-description=\"\" data-image-caption=\"\" data-medium-file=\"https:\/\/i0.wp.com\/mudvii.shop\/wp-content\/uploads\/2025\/08\/Mudvii-Bloom-LOGO-W-1.png?fit=300%2C158&amp;ssl=1\" data-large-file=\"https:\/\/i0.wp.com\/mudvii.shop\/wp-content\/uploads\/2025\/08\/Mudvii-Bloom-LOGO-W-1.png?fit=1024%2C540&amp;ssl=1\" \/>\t\t\t\t\t\t\t\t\t\t\t\t\t\t\t<\/div>\n\t\t\t\t<\/div>\n\t\t\t\t<\/div>\n\t\t<div class=\"elementor-element elementor-element-cce2a9e e-flex e-con-boxed e-con e-parent\" data-id=\"cce2a9e\" data-element_type=\"container\">\n\t\t\t\t\t<div class=\"e-con-inner\">\n\t\t\t\t<div class=\"elementor-element elementor-element-f8365fd elementor-widget elementor-widget-spacer\" data-id=\"f8365fd\" data-element_type=\"widget\" data-widget_type=\"spacer.default\">\n\t\t\t\t<div class=\"elementor-widget-container\">\n\t\t\t\t\t\t\t<div class=\"elementor-spacer\">\n\t\t\t<div class=\"elementor-spacer-inner\"><\/div>\n\t\t<\/div>\n\t\t\t\t\t\t<\/div>\n\t\t\t\t<\/div>\n\t\t\t\t<div class=\"elementor-element elementor-element-d44788d elementor-widget elementor-widget-heading\" data-id=\"d44788d\" data-element_type=\"widget\" data-widget_type=\"heading.default\">\n\t\t\t\t<div class=\"elementor-widget-container\">\n\t\t\t\t\t<h2 class=\"elementor-heading-title elementor-size-default\">ART\u0116JANTYS RENGINIAI<\/h2>\t\t\t\t<\/div>\n\t\t\t\t<\/div>\n\t\t\t\t<div class=\"elementor-element elementor-element-f1c7ebc elementor-widget elementor-widget-text-editor\" data-id=\"f1c7ebc\" data-element_type=\"widget\" data-widget_type=\"text-editor.default\">\n\t\t\t\t<div class=\"elementor-widget-container\">\n\t\t\t\t\t\t\t\t\t<p>Rudens kupinas Mudvii Bloom renginys netrukus pus paskelbtas<\/p>\t\t\t\t\t\t\t\t<\/div>\n\t\t\t\t<\/div>\n\t\t\t\t\t<\/div>\n\t\t\t\t<\/div>\n\t\t<div class=\"elementor-element elementor-element-ad750f9 e-flex e-con-boxed e-con e-parent\" data-id=\"ad750f9\" data-element_type=\"container\">\n\t\t\t\t\t<div class=\"e-con-inner\">\n\t\t\t\t<div class=\"elementor-element elementor-element-608f023 elementor-widget elementor-widget-spacer\" data-id=\"608f023\" data-element_type=\"widget\" data-widget_type=\"spacer.default\">\n\t\t\t\t<div class=\"elementor-widget-container\">\n\t\t\t\t\t\t\t<div class=\"elementor-spacer\">\n\t\t\t<div class=\"elementor-spacer-inner\"><\/div>\n\t\t<\/div>\n\t\t\t\t\t\t<\/div>\n\t\t\t\t<\/div>\n\t\t\t\t\t<\/div>\n\t\t\t\t<\/div>\n\t\t<div class=\"elementor-element elementor-element-76e0122 e-flex e-con-boxed e-con e-parent\" data-id=\"76e0122\" data-element_type=\"container\">\n\t\t\t\t\t<div class=\"e-con-inner\">\n\t\t\t\t<div class=\"elementor-element elementor-element-944d256 elementor-widget-divider--view-line elementor-widget elementor-widget-divider\" data-id=\"944d256\" data-element_type=\"widget\" data-widget_type=\"divider.default\">\n\t\t\t\t<div class=\"elementor-widget-container\">\n\t\t\t\t\t\t\t<div class=\"elementor-divider\">\n\t\t\t<span class=\"elementor-divider-separator\">\n\t\t\t\t\t\t<\/span>\n\t\t<\/div>\n\t\t\t\t\t\t<\/div>\n\t\t\t\t<\/div>\n\t\t\t\t<div class=\"elementor-element elementor-element-c081c4a elementor-widget-divider--view-line elementor-widget elementor-widget-divider\" data-id=\"c081c4a\" data-element_type=\"widget\" data-widget_type=\"divider.default\">\n\t\t\t\t<div class=\"elementor-widget-container\">\n\t\t\t\t\t\t\t<div class=\"elementor-divider\">\n\t\t\t<span class=\"elementor-divider-separator\">\n\t\t\t\t\t\t<\/span>\n\t\t<\/div>\n\t\t\t\t\t\t<\/div>\n\t\t\t\t<\/div>\n\t\t\t\t<div class=\"elementor-element elementor-element-3055f8a elementor-widget elementor-widget-heading\" data-id=\"3055f8a\" data-element_type=\"widget\" data-widget_type=\"heading.default\">\n\t\t\t\t<div class=\"elementor-widget-container\">\n\t\t\t\t\t<h2 class=\"elementor-heading-title elementor-size-default\">PRA\u0116J\u0118 RENGINIAI<\/h2>\t\t\t\t<\/div>\n\t\t\t\t<\/div>\n\t\t\t\t<div class=\"elementor-element elementor-element-6e7ec6a elementor-position-left elementor-vertical-align-middle elementor-widget elementor-widget-image-box\" data-id=\"6e7ec6a\" data-element_type=\"widget\" data-widget_type=\"image-box.default\">\n\t\t\t\t<div class=\"elementor-widget-container\">\n\t\t\t\t\t<div class=\"elementor-image-box-wrapper\"><figure class=\"elementor-image-box-img\"><a href=\"https:\/\/mudvii.shop\/en\/bloom-stovykla\/\" tabindex=\"-1\"><img decoding=\"async\" data-attachment-id=\"47096\" data-permalink=\"https:\/\/mudvii.shop\/en\/bloom-renginiai\/mudvii-bloom-ds-1-1x1\/\" data-orig-file=\"https:\/\/i0.wp.com\/mudvii.shop\/wp-content\/uploads\/2025\/09\/Mudvii-Bloom-DS-1-1x1-1.png?fit=1080%2C1080&amp;ssl=1\" data-orig-size=\"1080,1080\" data-comments-opened=\"1\" data-image-meta=\"{&quot;aperture&quot;:&quot;0&quot;,&quot;credit&quot;:&quot;&quot;,&quot;camera&quot;:&quot;&quot;,&quot;caption&quot;:&quot;&quot;,&quot;created_timestamp&quot;:&quot;0&quot;,&quot;copyright&quot;:&quot;&quot;,&quot;focal_length&quot;:&quot;0&quot;,&quot;iso&quot;:&quot;0&quot;,&quot;shutter_speed&quot;:&quot;0&quot;,&quot;title&quot;:&quot;&quot;,&quot;orientation&quot;:&quot;0&quot;}\" data-image-title=\"Mudvii Bloom DS &#8211; 1 (1&#215;1)\" data-image-description=\"\" data-image-caption=\"\" data-medium-file=\"https:\/\/i0.wp.com\/mudvii.shop\/wp-content\/uploads\/2025\/09\/Mudvii-Bloom-DS-1-1x1-1.png?fit=300%2C300&amp;ssl=1\" data-large-file=\"https:\/\/i0.wp.com\/mudvii.shop\/wp-content\/uploads\/2025\/09\/Mudvii-Bloom-DS-1-1x1-1.png?fit=1024%2C1024&amp;ssl=1\" width=\"1080\" height=\"1080\" src=\"https:\/\/i0.wp.com\/mudvii.shop\/wp-content\/uploads\/2025\/09\/Mudvii-Bloom-DS-1-1x1-1.png?fit=1080%2C1080&amp;ssl=1\" class=\"attachment-full size-full wp-image-47096\" alt=\"\" data-attachment-id=\"47096\" data-permalink=\"https:\/\/mudvii.shop\/en\/bloom-renginiai\/mudvii-bloom-ds-1-1x1\/\" data-orig-file=\"https:\/\/i0.wp.com\/mudvii.shop\/wp-content\/uploads\/2025\/09\/Mudvii-Bloom-DS-1-1x1-1.png?fit=1080%2C1080&amp;ssl=1\" data-orig-size=\"1080,1080\" data-comments-opened=\"1\" data-image-meta=\"{&quot;aperture&quot;:&quot;0&quot;,&quot;credit&quot;:&quot;&quot;,&quot;camera&quot;:&quot;&quot;,&quot;caption&quot;:&quot;&quot;,&quot;created_timestamp&quot;:&quot;0&quot;,&quot;copyright&quot;:&quot;&quot;,&quot;focal_length&quot;:&quot;0&quot;,&quot;iso&quot;:&quot;0&quot;,&quot;shutter_speed&quot;:&quot;0&quot;,&quot;title&quot;:&quot;&quot;,&quot;orientation&quot;:&quot;0&quot;}\" data-image-title=\"Mudvii Bloom DS &#8211; 1 (1&#215;1)\" data-image-description=\"\" data-image-caption=\"\" data-medium-file=\"https:\/\/i0.wp.com\/mudvii.shop\/wp-content\/uploads\/2025\/09\/Mudvii-Bloom-DS-1-1x1-1.png?fit=300%2C300&amp;ssl=1\" data-large-file=\"https:\/\/i0.wp.com\/mudvii.shop\/wp-content\/uploads\/2025\/09\/Mudvii-Bloom-DS-1-1x1-1.png?fit=1024%2C1024&amp;ssl=1\" srcset=\"https:\/\/i0.wp.com\/mudvii.shop\/wp-content\/uploads\/2025\/09\/Mudvii-Bloom-DS-1-1x1-1.png?w=1080&amp;ssl=1 1080w, https:\/\/i0.wp.com\/mudvii.shop\/wp-content\/uploads\/2025\/09\/Mudvii-Bloom-DS-1-1x1-1.png?resize=300%2C300&amp;ssl=1 300w, https:\/\/i0.wp.com\/mudvii.shop\/wp-content\/uploads\/2025\/09\/Mudvii-Bloom-DS-1-1x1-1.png?resize=1024%2C1024&amp;ssl=1 1024w, https:\/\/i0.wp.com\/mudvii.shop\/wp-content\/uploads\/2025\/09\/Mudvii-Bloom-DS-1-1x1-1.png?resize=150%2C150&amp;ssl=1 150w, https:\/\/i0.wp.com\/mudvii.shop\/wp-content\/uploads\/2025\/09\/Mudvii-Bloom-DS-1-1x1-1.png?resize=768%2C768&amp;ssl=1 768w, https:\/\/i0.wp.com\/mudvii.shop\/wp-content\/uploads\/2025\/09\/Mudvii-Bloom-DS-1-1x1-1.png?resize=12%2C12&amp;ssl=1 12w\" sizes=\"(max-width: 1000px) 100vw, 1000px\" \/><\/a><\/figure><div class=\"elementor-image-box-content\"><h3 class=\"elementor-image-box-title\"><a href=\"https:\/\/mudvii.shop\/en\/bloom-stovykla\/\">2025 09 13 <br> Dienos Stovykla<\/a><\/h3><p class=\"elementor-image-box-description\">\"I\u0161laisvink laukin\u0119 savaj\u0105 prigimt\u012f\"<\/p><\/div><\/div>\t\t\t\t<\/div>\n\t\t\t\t<\/div>\n\t\t\t\t<div class=\"elementor-element elementor-element-7d2a919 elementor-align-center elementor-widget elementor-widget-tm-button\" data-id=\"7d2a919\" data-element_type=\"widget\" data-widget_type=\"tm-button.default\">\n\t\t\t\t<div class=\"elementor-widget-container\">\n\t\t\t\t\t\t\t<a href=\"https:\/\/mudvii.shop\/en\/bloom-stovykla\/\" class=\"tm-button-link tm-button style-border tm-button-nm\" role=\"button\">\n\n\t\t\t\t\t<div class=\"button-content-wrapper\">\n\t\t\t\n\t\t\t\t\t<div class=\"button-text\">\n\t\t\t\n\t\t\tDIENOS STOVYKLOS RENGINIO INFORMACIJA\n\t\t\t\n\t\t\t\t\t<\/div>\n\t\t\n\t\t\t\t\t<\/div>\n\t\t\n\t\t\t\t\t<\/a>\n\t\t\t\t\t\t<\/div>\n\t\t\t\t<\/div>\n\t\t\t\t<div class=\"elementor-element elementor-element-1758886 elementor-widget elementor-widget-spacer\" data-id=\"1758886\" data-element_type=\"widget\" data-widget_type=\"spacer.default\">\n\t\t\t\t<div class=\"elementor-widget-container\">\n\t\t\t\t\t\t\t<div class=\"elementor-spacer\">\n\t\t\t<div class=\"elementor-spacer-inner\"><\/div>\n\t\t<\/div>\n\t\t\t\t\t\t<\/div>\n\t\t\t\t<\/div>\n\t\t\t\t\t<\/div>\n\t\t\t\t<\/div>\n\t\t\t\t<\/div>\n\t\t","protected":false},"excerpt":{"rendered":"<p>ART\u0116JANTYS RENGINIAI Rudens kupinas Mudvii Bloom renginys netrukus pus paskelbtas PRA\u0116J\u0118 RENGINIAI 2025 09 13 Dienos Stovykla &#8220;I\u0161laisvink laukin\u0119 savaj\u0105 prigimt\u012f&#8221; DIENOS STOVYKLOS RENGINIO INFORMACIJA<\/p>\n","protected":false},"author":1,"featured_media":0,"parent":0,"menu_order":0,"comment_status":"closed","ping_status":"closed","template":"elementor_header_footer","meta":{"footnotes":""},"class_list":["post-46206","page","type-page","status-publish","hentry","post-no-thumbnail"],"jetpack_sharing_enabled":true,"_links":{"self":[{"href":"https:\/\/mudvii.shop\/en\/wp-json\/wp\/v2\/pages\/46206","targetHints":{"allow":["GET"]}}],"collection":[{"href":"https:\/\/mudvii.shop\/en\/wp-json\/wp\/v2\/pages"}],"about":[{"href":"https:\/\/mudvii.shop\/en\/wp-json\/wp\/v2\/types\/page"}],"author":[{"embeddable":true,"href":"https:\/\/mudvii.shop\/en\/wp-json\/wp\/v2\/users\/1"}],"replies":[{"embeddable":true,"href":"https:\/\/mudvii.shop\/en\/wp-json\/wp\/v2\/comments?post=46206"}],"version-history":[{"count":363,"href":"https:\/\/mudvii.shop\/en\/wp-json\/wp\/v2\/pages\/46206\/revisions"}],"predecessor-version":[{"id":47172,"href":"https:\/\/mudvii.shop\/en\/wp-json\/wp\/v2\/pages\/46206\/revisions\/47172"}],"wp:attachment":[{"href":"https:\/\/mudvii.shop\/en\/wp-json\/wp\/v2\/media?parent=46206"}],"curies":[{"name":"wp","href":"https:\/\/api.w.org\/{rel}","templated":true}]}}