{"id":22946,"date":"2024-03-27T17:07:54","date_gmt":"2024-03-27T14:07:54","guid":{"rendered":"https:\/\/mudvii.shop\/?post_type=product&#038;p=22946"},"modified":"2025-09-05T14:51:36","modified_gmt":"2025-09-05T11:51:36","slug":"beach-towel","status":"publish","type":"product","link":"https:\/\/mudvii.shop\/lt\/produktas\/beach-towel\/","title":{"rendered":"Papl\u016bdimio rank\u0161luostis"},"content":{"rendered":"","protected":false},"excerpt":{"rendered":"<p><strong>Produkto apra\u0161ymas:<\/strong><\/p>\n<ul>\n<li>I\u0161skirtinio dizaino papl\u016bdimio rank\u0161luostis\/pledas.<\/li>\n<li>Itin didelis, ta\u010diau lengvas ir kompakti\u0161kas.<\/li>\n<li>Prisi\u016bta ki\u0161en\u0117l\u0117 svarbiems daiktams \u012fsid\u0117ti.<\/li>\n<li>Lengvai sugeria dr\u0117gm\u0119 ir greitai d\u017ei\u016bna.<\/li>\n<li>Pagaminta Lietuvoje.<\/li>\n<\/ul>","protected":false},"featured_media":22528,"comment_status":"open","ping_status":"closed","template":"","meta":[],"product_brand":[],"product_cat":[279,289],"product_tag":[287],"giftcard-category":[],"class_list":{"0":"post-22946","1":"product","2":"type-product","3":"status-publish","4":"has-post-thumbnail","6":"product_cat-all-products","7":"product_cat-beach-towels","8":"product_tag-accessories","10":"first","11":"outofstock","12":"taxable","13":"shipping-taxable","14":"purchasable","15":"product-type-simple"},"supplier_id":null,"supplier_sku":"","atum_controlled":true,"out_stock_date":"2025-09-05 14:51:37","out_stock_threshold":null,"inheritable":false,"inbound_stock":0,"stock_on_hold":0,"sold_today":0,"sales_last_days":0,"reserved_stock":0,"customer_returns":0,"warehouse_damage":0,"lost_in_post":0,"other_logs":0,"out_stock_days":216,"lost_sales":0,"has_location":false,"update_date":"2026-04-10T06:42:35","atum_locations":[],"atum_stock_status":"outofstock","restock_status":false,"low_stock_amount":"","sales_update_date":"2026-04-10T06:42:35","calc_backorders":null,"jetpack_sharing_enabled":true,"_links":{"self":[{"href":"https:\/\/mudvii.shop\/lt\/wp-json\/wp\/v2\/product\/22946","targetHints":{"allow":["GET"]}}],"collection":[{"href":"https:\/\/mudvii.shop\/lt\/wp-json\/wp\/v2\/product"}],"about":[{"href":"https:\/\/mudvii.shop\/lt\/wp-json\/wp\/v2\/types\/product"}],"replies":[{"embeddable":true,"href":"https:\/\/mudvii.shop\/lt\/wp-json\/wp\/v2\/comments?post=22946"}],"version-history":[{"count":4,"href":"https:\/\/mudvii.shop\/lt\/wp-json\/wp\/v2\/product\/22946\/revisions"}],"predecessor-version":[{"id":32152,"href":"https:\/\/mudvii.shop\/lt\/wp-json\/wp\/v2\/product\/22946\/revisions\/32152"}],"wp:featuredmedia":[{"embeddable":true,"href":"https:\/\/mudvii.shop\/lt\/wp-json\/wp\/v2\/media\/22528"}],"wp:attachment":[{"href":"https:\/\/mudvii.shop\/lt\/wp-json\/wp\/v2\/media?parent=22946"}],"wp:term":[{"taxonomy":"product_brand","embeddable":true,"href":"https:\/\/mudvii.shop\/lt\/wp-json\/wp\/v2\/product_brand?post=22946"},{"taxonomy":"product_cat","embeddable":true,"href":"https:\/\/mudvii.shop\/lt\/wp-json\/wp\/v2\/product_cat?post=22946"},{"taxonomy":"product_tag","embeddable":true,"href":"https:\/\/mudvii.shop\/lt\/wp-json\/wp\/v2\/product_tag?post=22946"},{"taxonomy":"giftcard-category","embeddable":true,"href":"https:\/\/mudvii.shop\/lt\/wp-json\/wp\/v2\/giftcard-category?post=22946"}],"curies":[{"name":"wp","href":"https:\/\/api.w.org\/{rel}","templated":true}]}}