{"id":23047,"date":"2024-03-27T14:15:33","date_gmt":"2024-03-27T14:15:33","guid":{"rendered":"https:\/\/mudvii.shop\/?post_type=product&#038;p=23047"},"modified":"2025-12-10T10:47:39","modified_gmt":"2025-12-10T08:47:39","slug":"soft-sweatshirt-self-love-grey","status":"publish","type":"product","link":"https:\/\/mudvii.shop\/lt\/produktas\/soft-sweatshirt-self-love-grey\/","title":{"rendered":"D\u017eemperis SELF LOVE | Pilka"},"content":{"rendered":"<p>Modelio \u016bgis yra 172cm ir d\u0117vi L\/XL dyd\u012f.<\/p>\n<p>Sud\u0117tis: 80% medviln\u0117, 20% poliesteris<\/p>\n<p>Prie\u017ei\u016bra \u2013 skalbti i\u0161vertus 30 laipsni\u0173 ar \u017eemesn\u0117je temperat\u016broje. Naudokite mink\u0161t\u0105 plovikl\u012f. Kietos chemin\u0117s med\u017eiagos gali i\u0161plauti spalv\u0105. Nenaudokite d\u017eiovykl\u0117s<\/p>","protected":false},"excerpt":{"rendered":"<p><strong>Produkto apra\u0161ymas:<\/strong><\/p>\n<div>\n<div>\n<ul>\n<li>Oversized d\u017eemperis be kapi\u0161ono.<\/li>\n<li>Audinys su p\u016bkeliu, kuris iki pirmo skalbimo gali p\u016bkuotis.<\/li>\n<li>Dydis onesize tinkamas XS-XL dyd\u012f ne\u0161iojan\u010dioms.<\/li>\n<li>Visi m\u016bs\u0173 produktai yra rank\u0173 darbo bei pagaminti Lietuvoje.<\/li>\n<\/ul>\n<\/div>\n<\/div>","protected":false},"featured_media":23071,"comment_status":"open","ping_status":"closed","template":"","meta":[],"product_brand":[],"product_cat":[279,535,278,512,277,344],"product_tag":[446],"giftcard-category":[],"class_list":{"0":"post-23047","1":"product","2":"type-product","3":"status-publish","4":"has-post-thumbnail","6":"product_cat-all-products","7":"product_cat-gift-guide","8":"product_cat-leisurewear","9":"product_cat-self-love","10":"product_cat-soft-french-terry-sweatshirts","11":"product_cat-your-favorites","12":"product_tag-sweatshirts-self-love-be-kind","14":"first","15":"instock","16":"taxable","17":"shipping-taxable","18":"purchasable","19":"product-type-variable"},"supplier_id":null,"supplier_sku":"","atum_controlled":true,"out_stock_date":null,"out_stock_threshold":null,"inheritable":true,"inbound_stock":0,"stock_on_hold":0,"sold_today":0,"sales_last_days":0,"reserved_stock":0,"customer_returns":0,"warehouse_damage":0,"lost_in_post":0,"other_logs":0,"out_stock_days":0,"lost_sales":0,"has_location":false,"update_date":"2026-04-10T06:42:44","atum_locations":[],"atum_stock_status":"instock","restock_status":false,"low_stock_amount":"","sales_update_date":"2026-04-10T06:42:44","calc_backorders":null,"jetpack_sharing_enabled":true,"_links":{"self":[{"href":"https:\/\/mudvii.shop\/lt\/wp-json\/wp\/v2\/product\/23047","targetHints":{"allow":["GET"]}}],"collection":[{"href":"https:\/\/mudvii.shop\/lt\/wp-json\/wp\/v2\/product"}],"about":[{"href":"https:\/\/mudvii.shop\/lt\/wp-json\/wp\/v2\/types\/product"}],"replies":[{"embeddable":true,"href":"https:\/\/mudvii.shop\/lt\/wp-json\/wp\/v2\/comments?post=23047"}],"version-history":[{"count":6,"href":"https:\/\/mudvii.shop\/lt\/wp-json\/wp\/v2\/product\/23047\/revisions"}],"predecessor-version":[{"id":47207,"href":"https:\/\/mudvii.shop\/lt\/wp-json\/wp\/v2\/product\/23047\/revisions\/47207"}],"wp:featuredmedia":[{"embeddable":true,"href":"https:\/\/mudvii.shop\/lt\/wp-json\/wp\/v2\/media\/23071"}],"wp:attachment":[{"href":"https:\/\/mudvii.shop\/lt\/wp-json\/wp\/v2\/media?parent=23047"}],"wp:term":[{"taxonomy":"product_brand","embeddable":true,"href":"https:\/\/mudvii.shop\/lt\/wp-json\/wp\/v2\/product_brand?post=23047"},{"taxonomy":"product_cat","embeddable":true,"href":"https:\/\/mudvii.shop\/lt\/wp-json\/wp\/v2\/product_cat?post=23047"},{"taxonomy":"product_tag","embeddable":true,"href":"https:\/\/mudvii.shop\/lt\/wp-json\/wp\/v2\/product_tag?post=23047"},{"taxonomy":"giftcard-category","embeddable":true,"href":"https:\/\/mudvii.shop\/lt\/wp-json\/wp\/v2\/giftcard-category?post=23047"}],"curies":[{"name":"wp","href":"https:\/\/api.w.org\/{rel}","templated":true}]}}