{"id":23261,"date":"2025-10-15T10:00:54","date_gmt":"2025-10-15T07:00:54","guid":{"rendered":"https:\/\/mudvii.shop\/?post_type=product&#038;p=23261"},"modified":"2025-11-30T17:45:04","modified_gmt":"2025-11-30T15:45:04","slug":"trench-coat-journey-chaki","status":"publish","type":"product","link":"https:\/\/mudvii.shop\/lt\/produktas\/trench-coat-journey-chaki\/","title":{"rendered":"Lietpaltis 'JOURNEY' | Chaki"},"content":{"rendered":"<p>Modelis d\u0117vi S\/M dyd\u012f<\/p>\n<p>Modelio \u016bgis - 176cm<\/p>\n<p>Sud\u0117tis: 55% poliesteris \/ 45% medviln\u0117 | Pamu\u0161alas: 100% viskoz\u0117<\/p>\n<p>Prie\u017ei\u016bra: Skalbti ne auk\u0161tesn\u0117je nei 30 laipsni\u0173 temperat\u016broje, nenaudoti d\u017eiovykl\u0117s.<\/p>","protected":false},"excerpt":{"rendered":"<p><strong>Produkto apra\u0161ymas:<\/strong><\/p>\n<p data-start=\"165\" data-end=\"461\">Sukurtas moterims, vertinan\u010dioms elegancij\u0105 be pastang\u0173 bei kasdien\u012f funkcionalum\u0105. \u0160is lietpaltis \u2013 nepriekai\u0161tingas palydovas tarpsezoniniu periodu. Pagamintas i\u0161 vandeniui atsparaus audinio, kuris apsaugo nuo lietaus bei yra itin lengvai valomas bei pri\u017ei\u016brimas.<\/p>\n<p data-start=\"463\" data-end=\"765\">Its raglan cut creates a soft, balloon-sleeve silhouette, while the long, versatile belt lets you style it two ways \u2014 cinched with the buckle or tied in a relaxed knot. Perfect for transitional seasons, it blends style, comfort, and practicality into one timeless piece.<\/p>\n<ul>\n<li>Vandeniui atsparus audinys<\/li>\n<li>Unikalus ra\u0161to pamu\u0161alas<\/li>\n<li>Unikalios sagos su MUDVII logotipu<\/li>\n<\/ul>\n<div id=\"gtx-trans\" style=\"position: absolute; left: -5px; top: 33.3379px;\">\n<div class=\"gtx-trans-icon\"><\/div>\n<\/div>","protected":false},"featured_media":47339,"comment_status":"open","ping_status":"closed","template":"","meta":[],"product_brand":[],"product_cat":[279,319,291],"product_tag":[515],"giftcard-category":[],"class_list":{"0":"post-23261","1":"product","2":"type-product","3":"status-publish","4":"has-post-thumbnail","6":"product_cat-all-products","7":"product_cat-trench-coats","8":"product_cat-new-collection","9":"product_tag-trench-coat-journey","11":"first","12":"instock","13":"taxable","14":"shipping-taxable","15":"purchasable","16":"product-type-variable"},"supplier_id":null,"supplier_sku":"","atum_controlled":true,"out_stock_date":null,"out_stock_threshold":null,"inheritable":true,"inbound_stock":0,"stock_on_hold":0,"sold_today":0,"sales_last_days":0,"reserved_stock":0,"customer_returns":0,"warehouse_damage":0,"lost_in_post":0,"other_logs":0,"out_stock_days":0,"lost_sales":0,"has_location":false,"update_date":"2026-04-10T06:42:38","atum_locations":[],"atum_stock_status":"instock","restock_status":false,"low_stock_amount":"","sales_update_date":"2026-04-10T06:42:38","calc_backorders":null,"jetpack_sharing_enabled":true,"_links":{"self":[{"href":"https:\/\/mudvii.shop\/lt\/wp-json\/wp\/v2\/product\/23261","targetHints":{"allow":["GET"]}}],"collection":[{"href":"https:\/\/mudvii.shop\/lt\/wp-json\/wp\/v2\/product"}],"about":[{"href":"https:\/\/mudvii.shop\/lt\/wp-json\/wp\/v2\/types\/product"}],"replies":[{"embeddable":true,"href":"https:\/\/mudvii.shop\/lt\/wp-json\/wp\/v2\/comments?post=23261"}],"version-history":[{"count":9,"href":"https:\/\/mudvii.shop\/lt\/wp-json\/wp\/v2\/product\/23261\/revisions"}],"predecessor-version":[{"id":47944,"href":"https:\/\/mudvii.shop\/lt\/wp-json\/wp\/v2\/product\/23261\/revisions\/47944"}],"wp:featuredmedia":[{"embeddable":true,"href":"https:\/\/mudvii.shop\/lt\/wp-json\/wp\/v2\/media\/47339"}],"wp:attachment":[{"href":"https:\/\/mudvii.shop\/lt\/wp-json\/wp\/v2\/media?parent=23261"}],"wp:term":[{"taxonomy":"product_brand","embeddable":true,"href":"https:\/\/mudvii.shop\/lt\/wp-json\/wp\/v2\/product_brand?post=23261"},{"taxonomy":"product_cat","embeddable":true,"href":"https:\/\/mudvii.shop\/lt\/wp-json\/wp\/v2\/product_cat?post=23261"},{"taxonomy":"product_tag","embeddable":true,"href":"https:\/\/mudvii.shop\/lt\/wp-json\/wp\/v2\/product_tag?post=23261"},{"taxonomy":"giftcard-category","embeddable":true,"href":"https:\/\/mudvii.shop\/lt\/wp-json\/wp\/v2\/giftcard-category?post=23261"}],"curies":[{"name":"wp","href":"https:\/\/api.w.org\/{rel}","templated":true}]}}