{"id":23268,"date":"2024-03-27T14:30:55","date_gmt":"2024-03-27T14:30:55","guid":{"rendered":"https:\/\/mudvii.shop\/?post_type=product&#038;p=23268"},"modified":"2025-09-13T14:48:26","modified_gmt":"2025-09-13T11:48:26","slug":"straight-trousers-black","status":"publish","type":"product","link":"https:\/\/mudvii.shop\/lt\/produktas\/straight-trousers-black\/","title":{"rendered":"Keln\u0117s STRAIGHT | Juoda"},"content":{"rendered":"","protected":false},"excerpt":{"rendered":"<p><strong>Produkto apra\u0161ymas:<\/strong><\/p>\n<div>\n<ul>\n<li>Tiesaus kirpimo keln\u0117s auk\u0161tu liemeniu.<\/li>\n<li>Idealiai pabr\u0117\u017eia liemens linij\u0105.<\/li>\n<li>Dvi \u0161onin\u0117s ki\u0161en\u0117s bei vieta dir\u017eui.<\/li>\n<li>Priekin\u0117s klost\u0117s vizualiai prailgina siluet\u0105.<\/li>\n<li>Pagaminta Lietuvoje.<\/li>\n<\/ul>\n<\/div>\n<div id=\"gtx-trans\" style=\"position: absolute; left: 17px; top: 33.3379px;\">\n<div class=\"gtx-trans-icon\"><\/div>\n<\/div>","protected":false},"featured_media":23331,"comment_status":"open","ping_status":"closed","template":"","meta":[],"product_brand":[],"product_cat":[279,310,326,423,328,325],"product_tag":[284],"giftcard-category":[],"class_list":{"0":"post-23268","1":"product","2":"type-product","3":"status-publish","4":"has-post-thumbnail","6":"product_cat-all-products","7":"product_cat-classic-collection","8":"product_cat-high-waisted-trousers","9":"product_cat-sale","10":"product_cat-straight-trousers","11":"product_cat-trousers","12":"product_tag-new","14":"first","15":"instock","16":"sale","17":"taxable","18":"shipping-taxable","19":"purchasable","20":"product-type-variable"},"supplier_id":null,"supplier_sku":"","atum_controlled":true,"out_stock_date":null,"out_stock_threshold":null,"inheritable":true,"inbound_stock":0,"stock_on_hold":0,"sold_today":0,"sales_last_days":0,"reserved_stock":0,"customer_returns":0,"warehouse_damage":0,"lost_in_post":0,"other_logs":0,"out_stock_days":0,"lost_sales":0,"has_location":false,"update_date":"2026-04-10T06:42:38","atum_locations":[],"atum_stock_status":"instock","restock_status":false,"low_stock_amount":"","sales_update_date":"2026-04-10T06:42:38","calc_backorders":null,"jetpack_sharing_enabled":true,"_links":{"self":[{"href":"https:\/\/mudvii.shop\/lt\/wp-json\/wp\/v2\/product\/23268","targetHints":{"allow":["GET"]}}],"collection":[{"href":"https:\/\/mudvii.shop\/lt\/wp-json\/wp\/v2\/product"}],"about":[{"href":"https:\/\/mudvii.shop\/lt\/wp-json\/wp\/v2\/types\/product"}],"replies":[{"embeddable":true,"href":"https:\/\/mudvii.shop\/lt\/wp-json\/wp\/v2\/comments?post=23268"}],"version-history":[{"count":6,"href":"https:\/\/mudvii.shop\/lt\/wp-json\/wp\/v2\/product\/23268\/revisions"}],"predecessor-version":[{"id":45107,"href":"https:\/\/mudvii.shop\/lt\/wp-json\/wp\/v2\/product\/23268\/revisions\/45107"}],"wp:featuredmedia":[{"embeddable":true,"href":"https:\/\/mudvii.shop\/lt\/wp-json\/wp\/v2\/media\/23331"}],"wp:attachment":[{"href":"https:\/\/mudvii.shop\/lt\/wp-json\/wp\/v2\/media?parent=23268"}],"wp:term":[{"taxonomy":"product_brand","embeddable":true,"href":"https:\/\/mudvii.shop\/lt\/wp-json\/wp\/v2\/product_brand?post=23268"},{"taxonomy":"product_cat","embeddable":true,"href":"https:\/\/mudvii.shop\/lt\/wp-json\/wp\/v2\/product_cat?post=23268"},{"taxonomy":"product_tag","embeddable":true,"href":"https:\/\/mudvii.shop\/lt\/wp-json\/wp\/v2\/product_tag?post=23268"},{"taxonomy":"giftcard-category","embeddable":true,"href":"https:\/\/mudvii.shop\/lt\/wp-json\/wp\/v2\/giftcard-category?post=23268"}],"curies":[{"name":"wp","href":"https:\/\/api.w.org\/{rel}","templated":true}]}}