{"id":23485,"date":"2024-03-27T17:46:53","date_gmt":"2024-03-27T14:46:53","guid":{"rendered":"https:\/\/mudvii.shop\/?post_type=product&#038;p=23485"},"modified":"2025-12-12T12:58:58","modified_gmt":"2025-12-12T10:58:58","slug":"basic-t-shirt-black","status":"publish","type":"product","link":"https:\/\/mudvii.shop\/lt\/produktas\/basic-t-shirt-black\/","title":{"rendered":"T-SHIRT &#8216;LOYALTY&#8217; | Black"},"content":{"rendered":"<p>Size | Model wears size S. Model&#8217;s height 174cm<\/p>\n<p>Sud\u0117tis | 92% medviln\u0117; 8% elastano.<\/p>\n<p>Prie\u017ei\u016bra | Skalbti 30 laipsni\u0173 arba \u017eemesn\u0117je temperat\u016broje. Nenaudokite d\u017eiovykl\u0117je. Skalbkite \u0161velniu plovikliu, kad i\u0161vengtum\u0117te spalvos plovimo.<\/p>","protected":false},"excerpt":{"rendered":"<p><strong>Produkto apra\u0161ymas:<\/strong><\/p>\n<div>\n<ul>\n<li>Standus ir form\u0105 laikantis audinys<\/li>\n<li>Nesiglam\u017eantis audinys<\/li>\n<li>Idealiai tinkantys kiekvienam fig\u016bros tipui<\/li>\n<li>Priekyje i\u0161siuvin\u0117tas logotipas<\/li>\n<li>Pagaminta Lietuvoje.<\/li>\n<\/ul>\n<\/div>","protected":false},"featured_media":38590,"comment_status":"open","ping_status":"closed","template":"","meta":[],"product_brand":[],"product_cat":[279,362,321],"product_tag":[280],"giftcard-category":[],"class_list":{"0":"post-23485","1":"product","2":"type-product","3":"status-publish","4":"has-post-thumbnail","6":"product_cat-all-products","7":"product_cat-men-collection","8":"product_cat-t-shirts","9":"product_tag-leisurewear","11":"first","12":"instock","13":"taxable","14":"shipping-taxable","15":"purchasable","16":"product-type-variable"},"supplier_id":null,"supplier_sku":"","atum_controlled":true,"out_stock_date":null,"out_stock_threshold":null,"inheritable":true,"inbound_stock":0,"stock_on_hold":0,"sold_today":0,"sales_last_days":0,"reserved_stock":0,"customer_returns":0,"warehouse_damage":0,"lost_in_post":0,"other_logs":0,"out_stock_days":0,"lost_sales":0,"has_location":false,"update_date":"2026-04-10T06:42:44","atum_locations":[],"atum_stock_status":"instock","restock_status":false,"low_stock_amount":"","sales_update_date":"2026-04-10T06:42:44","calc_backorders":null,"jetpack_sharing_enabled":true,"_links":{"self":[{"href":"https:\/\/mudvii.shop\/lt\/wp-json\/wp\/v2\/product\/23485","targetHints":{"allow":["GET"]}}],"collection":[{"href":"https:\/\/mudvii.shop\/lt\/wp-json\/wp\/v2\/product"}],"about":[{"href":"https:\/\/mudvii.shop\/lt\/wp-json\/wp\/v2\/types\/product"}],"replies":[{"embeddable":true,"href":"https:\/\/mudvii.shop\/lt\/wp-json\/wp\/v2\/comments?post=23485"}],"version-history":[{"count":13,"href":"https:\/\/mudvii.shop\/lt\/wp-json\/wp\/v2\/product\/23485\/revisions"}],"predecessor-version":[{"id":46824,"href":"https:\/\/mudvii.shop\/lt\/wp-json\/wp\/v2\/product\/23485\/revisions\/46824"}],"wp:featuredmedia":[{"embeddable":true,"href":"https:\/\/mudvii.shop\/lt\/wp-json\/wp\/v2\/media\/38590"}],"wp:attachment":[{"href":"https:\/\/mudvii.shop\/lt\/wp-json\/wp\/v2\/media?parent=23485"}],"wp:term":[{"taxonomy":"product_brand","embeddable":true,"href":"https:\/\/mudvii.shop\/lt\/wp-json\/wp\/v2\/product_brand?post=23485"},{"taxonomy":"product_cat","embeddable":true,"href":"https:\/\/mudvii.shop\/lt\/wp-json\/wp\/v2\/product_cat?post=23485"},{"taxonomy":"product_tag","embeddable":true,"href":"https:\/\/mudvii.shop\/lt\/wp-json\/wp\/v2\/product_tag?post=23485"},{"taxonomy":"giftcard-category","embeddable":true,"href":"https:\/\/mudvii.shop\/lt\/wp-json\/wp\/v2\/giftcard-category?post=23485"}],"curies":[{"name":"wp","href":"https:\/\/api.w.org\/{rel}","templated":true}]}}