{"id":23533,"date":"2024-03-27T14:50:59","date_gmt":"2024-03-27T14:50:59","guid":{"rendered":"https:\/\/mudvii.shop\/?post_type=product&#038;p=23533"},"modified":"2025-12-02T10:57:04","modified_gmt":"2025-12-02T08:57:04","slug":"linen-shorts-blue","status":"publish","type":"product","link":"https:\/\/mudvii.shop\/lt\/produktas\/linen-shorts-blue\/","title":{"rendered":"Lininiai \u0161ortai | M\u0117lyna"},"content":{"rendered":"","protected":false},"excerpt":{"rendered":"<p><strong>Produkto apra\u0161ymas:<\/strong><\/p>\n<ul>\n<li>100% lino \u0161ortai<\/li>\n<li>Tiesaus kirpimo auk\u0161tintu liemeniu \u0161ortai<\/li>\n<li>Dvi \u0161onin\u0117s ki\u0161en\u0117s<\/li>\n<li>Pagaminta Lietuvoje.<\/li>\n<\/ul>","protected":false},"featured_media":23550,"comment_status":"open","ping_status":"closed","template":"","meta":[],"product_brand":[],"product_cat":[279,335,336,423],"product_tag":[],"giftcard-category":[],"class_list":{"0":"post-23533","1":"product","2":"type-product","3":"status-publish","4":"has-post-thumbnail","6":"product_cat-all-products","7":"product_cat-linen-collection","8":"product_cat-linen-collection-shorts","9":"product_cat-sale","11":"first","12":"instock","13":"sale","14":"taxable","15":"shipping-taxable","16":"purchasable","17":"product-type-variable"},"supplier_id":null,"supplier_sku":"","atum_controlled":true,"out_stock_date":null,"out_stock_threshold":null,"inheritable":true,"inbound_stock":0,"stock_on_hold":0,"sold_today":0,"sales_last_days":0,"reserved_stock":0,"customer_returns":0,"warehouse_damage":0,"lost_in_post":0,"other_logs":0,"out_stock_days":0,"lost_sales":0,"has_location":false,"update_date":"2026-04-10T06:42:43","atum_locations":[],"atum_stock_status":"instock","restock_status":false,"low_stock_amount":"","sales_update_date":"2026-04-10T06:42:43","calc_backorders":null,"jetpack_sharing_enabled":true,"_links":{"self":[{"href":"https:\/\/mudvii.shop\/lt\/wp-json\/wp\/v2\/product\/23533","targetHints":{"allow":["GET"]}}],"collection":[{"href":"https:\/\/mudvii.shop\/lt\/wp-json\/wp\/v2\/product"}],"about":[{"href":"https:\/\/mudvii.shop\/lt\/wp-json\/wp\/v2\/types\/product"}],"replies":[{"embeddable":true,"href":"https:\/\/mudvii.shop\/lt\/wp-json\/wp\/v2\/comments?post=23533"}],"version-history":[{"count":6,"href":"https:\/\/mudvii.shop\/lt\/wp-json\/wp\/v2\/product\/23533\/revisions"}],"predecessor-version":[{"id":41438,"href":"https:\/\/mudvii.shop\/lt\/wp-json\/wp\/v2\/product\/23533\/revisions\/41438"}],"wp:featuredmedia":[{"embeddable":true,"href":"https:\/\/mudvii.shop\/lt\/wp-json\/wp\/v2\/media\/23550"}],"wp:attachment":[{"href":"https:\/\/mudvii.shop\/lt\/wp-json\/wp\/v2\/media?parent=23533"}],"wp:term":[{"taxonomy":"product_brand","embeddable":true,"href":"https:\/\/mudvii.shop\/lt\/wp-json\/wp\/v2\/product_brand?post=23533"},{"taxonomy":"product_cat","embeddable":true,"href":"https:\/\/mudvii.shop\/lt\/wp-json\/wp\/v2\/product_cat?post=23533"},{"taxonomy":"product_tag","embeddable":true,"href":"https:\/\/mudvii.shop\/lt\/wp-json\/wp\/v2\/product_tag?post=23533"},{"taxonomy":"giftcard-category","embeddable":true,"href":"https:\/\/mudvii.shop\/lt\/wp-json\/wp\/v2\/giftcard-category?post=23533"}],"curies":[{"name":"wp","href":"https:\/\/api.w.org\/{rel}","templated":true}]}}