{"id":23618,"date":"2024-03-27T14:57:59","date_gmt":"2024-03-27T14:57:59","guid":{"rendered":"https:\/\/mudvii.shop\/?post_type=product&#038;p=23618"},"modified":"2025-12-12T15:31:18","modified_gmt":"2025-12-12T13:31:18","slug":"vest-black","status":"publish","type":"product","link":"https:\/\/mudvii.shop\/lt\/produktas\/vest-black\/","title":{"rendered":"VEST &#8216;WISDOM&#8217; | Black"},"content":{"rendered":"","protected":false},"excerpt":{"rendered":"<p><strong>Produkto apra\u0161ymas:<\/strong><\/p>\n<div>\n<ul>\n<li>Tiesaus kirpimo klasikin\u0117 liemen\u0117<\/li>\n<li>Pamu\u0161alas su spausdintu logotipu<\/li>\n<li>Ry\u0161kus akcentinis pamu\u0161alas<\/li>\n<li>Nugaroje dir\u017eelis dyd\u017eiui reguliuoti<\/li>\n<li>Priekyje imitacin\u0117 ki\u0161en\u0117l\u0117<\/li>\n<li>Geriausiai tinka kartu su tos pa\u010dios kolekcijos \u0161varku bei keln\u0117mis, bet puikiai pritaikoma ir kituose deriniuose<\/li>\n<\/ul>\n<\/div>","protected":false},"featured_media":37940,"comment_status":"open","ping_status":"closed","template":"","meta":[],"product_brand":[],"product_cat":[279,310,423,340],"product_tag":[284],"giftcard-category":[],"class_list":{"0":"post-23618","1":"product","2":"type-product","3":"status-publish","4":"has-post-thumbnail","6":"product_cat-all-products","7":"product_cat-classic-collection","8":"product_cat-sale","9":"product_cat-vests","10":"product_tag-new","12":"first","13":"instock","14":"sale","15":"taxable","16":"shipping-taxable","17":"purchasable","18":"product-type-variable"},"supplier_id":null,"supplier_sku":"","atum_controlled":true,"out_stock_date":null,"out_stock_threshold":null,"inheritable":true,"inbound_stock":0,"stock_on_hold":0,"sold_today":0,"sales_last_days":0,"reserved_stock":0,"customer_returns":0,"warehouse_damage":0,"lost_in_post":0,"other_logs":0,"out_stock_days":0,"lost_sales":0,"has_location":false,"update_date":"2026-04-10T06:42:35","atum_locations":[],"atum_stock_status":"instock","restock_status":false,"low_stock_amount":"","sales_update_date":"2026-04-10T06:42:35","calc_backorders":null,"jetpack_sharing_enabled":true,"_links":{"self":[{"href":"https:\/\/mudvii.shop\/lt\/wp-json\/wp\/v2\/product\/23618","targetHints":{"allow":["GET"]}}],"collection":[{"href":"https:\/\/mudvii.shop\/lt\/wp-json\/wp\/v2\/product"}],"about":[{"href":"https:\/\/mudvii.shop\/lt\/wp-json\/wp\/v2\/types\/product"}],"replies":[{"embeddable":true,"href":"https:\/\/mudvii.shop\/lt\/wp-json\/wp\/v2\/comments?post=23618"}],"version-history":[{"count":5,"href":"https:\/\/mudvii.shop\/lt\/wp-json\/wp\/v2\/product\/23618\/revisions"}],"predecessor-version":[{"id":45001,"href":"https:\/\/mudvii.shop\/lt\/wp-json\/wp\/v2\/product\/23618\/revisions\/45001"}],"wp:featuredmedia":[{"embeddable":true,"href":"https:\/\/mudvii.shop\/lt\/wp-json\/wp\/v2\/media\/37940"}],"wp:attachment":[{"href":"https:\/\/mudvii.shop\/lt\/wp-json\/wp\/v2\/media?parent=23618"}],"wp:term":[{"taxonomy":"product_brand","embeddable":true,"href":"https:\/\/mudvii.shop\/lt\/wp-json\/wp\/v2\/product_brand?post=23618"},{"taxonomy":"product_cat","embeddable":true,"href":"https:\/\/mudvii.shop\/lt\/wp-json\/wp\/v2\/product_cat?post=23618"},{"taxonomy":"product_tag","embeddable":true,"href":"https:\/\/mudvii.shop\/lt\/wp-json\/wp\/v2\/product_tag?post=23618"},{"taxonomy":"giftcard-category","embeddable":true,"href":"https:\/\/mudvii.shop\/lt\/wp-json\/wp\/v2\/giftcard-category?post=23618"}],"curies":[{"name":"wp","href":"https:\/\/api.w.org\/{rel}","templated":true}]}}