{"id":27497,"date":"2024-06-04T09:29:57","date_gmt":"2024-06-04T09:29:57","guid":{"rendered":"https:\/\/mudvii.shop\/?post_type=product&#038;p=27497"},"modified":"2025-12-05T10:24:02","modified_gmt":"2025-12-05T08:24:02","slug":"straight-sweatpants-blue","status":"publish","type":"product","link":"https:\/\/mudvii.shop\/lt\/produktas\/straight-sweatpants-blue\/","title":{"rendered":"SWEATPANTS &#8216;MOTION&#8217; | Blue"},"content":{"rendered":"<p>Size | Model wears size S. Model&#8217;s height 174cm<\/p>\n<p>Sud\u0117tis: 80% medviln\u0117, 20% poliesteris<\/p>\n<p>Prie\u017ei\u016bra \u2013 skalbti i\u0161vertus 30 laipsni\u0173 ar \u017eemesn\u0117je temperat\u016broje. Naudokite mink\u0161t\u0105 plovikl\u012f. Kietos chemin\u0117s med\u017eiagos gali i\u0161plauti spalv\u0105. Nenaudokite d\u017eiovykl\u0117je.<\/p>","protected":false},"excerpt":{"rendered":"<p><strong>Produkto apra\u0161ymas:<\/strong><\/p>\n<ul>\n<li>Tiesaus modelio keln\u0117s.<\/li>\n<li>Audinys be p\u016bkelio<\/li>\n<li>Audinys pagamintas pagal individual\u0173 u\u017esakym\u0105. Nupilinguotas ir silikonu padengtas audinys, tam, kad produktai kuo ilgiau i\u0161laikyt\u0173 pardavimin\u0119 i\u0161vaizd\u0105<\/li>\n<li>Turi dvi \u0161onines ir vien\u0105 galin\u0119 ki\u0161en\u0119.<\/li>\n<li>Pagaminta Lietuvoje.<\/li>\n<\/ul>","protected":false},"featured_media":35638,"comment_status":"open","ping_status":"closed","template":"","meta":[],"product_brand":[],"product_cat":[279,322,278,423],"product_tag":[450],"giftcard-category":[],"class_list":{"0":"post-27497","1":"product","2":"type-product","3":"status-publish","4":"has-post-thumbnail","6":"product_cat-all-products","7":"product_cat-french-terry-sweatpants","8":"product_cat-leisurewear","9":"product_cat-sale","10":"product_tag-straight-sweatpants","12":"first","13":"instock","14":"sale","15":"taxable","16":"shipping-taxable","17":"purchasable","18":"product-type-variable"},"supplier_id":null,"supplier_sku":"","atum_controlled":true,"out_stock_date":null,"out_stock_threshold":null,"inheritable":true,"inbound_stock":0,"stock_on_hold":0,"sold_today":0,"sales_last_days":0,"reserved_stock":0,"customer_returns":0,"warehouse_damage":0,"lost_in_post":0,"other_logs":0,"out_stock_days":0,"lost_sales":0,"has_location":false,"update_date":"2026-04-10T06:42:41","atum_locations":[],"atum_stock_status":"instock","restock_status":false,"low_stock_amount":"","sales_update_date":"2026-04-10T06:42:41","calc_backorders":null,"jetpack_sharing_enabled":true,"_links":{"self":[{"href":"https:\/\/mudvii.shop\/lt\/wp-json\/wp\/v2\/product\/27497","targetHints":{"allow":["GET"]}}],"collection":[{"href":"https:\/\/mudvii.shop\/lt\/wp-json\/wp\/v2\/product"}],"about":[{"href":"https:\/\/mudvii.shop\/lt\/wp-json\/wp\/v2\/types\/product"}],"replies":[{"embeddable":true,"href":"https:\/\/mudvii.shop\/lt\/wp-json\/wp\/v2\/comments?post=27497"}],"version-history":[{"count":4,"href":"https:\/\/mudvii.shop\/lt\/wp-json\/wp\/v2\/product\/27497\/revisions"}],"predecessor-version":[{"id":44985,"href":"https:\/\/mudvii.shop\/lt\/wp-json\/wp\/v2\/product\/27497\/revisions\/44985"}],"wp:featuredmedia":[{"embeddable":true,"href":"https:\/\/mudvii.shop\/lt\/wp-json\/wp\/v2\/media\/35638"}],"wp:attachment":[{"href":"https:\/\/mudvii.shop\/lt\/wp-json\/wp\/v2\/media?parent=27497"}],"wp:term":[{"taxonomy":"product_brand","embeddable":true,"href":"https:\/\/mudvii.shop\/lt\/wp-json\/wp\/v2\/product_brand?post=27497"},{"taxonomy":"product_cat","embeddable":true,"href":"https:\/\/mudvii.shop\/lt\/wp-json\/wp\/v2\/product_cat?post=27497"},{"taxonomy":"product_tag","embeddable":true,"href":"https:\/\/mudvii.shop\/lt\/wp-json\/wp\/v2\/product_tag?post=27497"},{"taxonomy":"giftcard-category","embeddable":true,"href":"https:\/\/mudvii.shop\/lt\/wp-json\/wp\/v2\/giftcard-category?post=27497"}],"curies":[{"name":"wp","href":"https:\/\/api.w.org\/{rel}","templated":true}]}}