{"id":27548,"date":"2024-06-04T11:22:04","date_gmt":"2024-06-04T11:22:04","guid":{"rendered":"https:\/\/mudvii.shop\/?post_type=product&#038;p=27548"},"modified":"2025-12-02T10:54:36","modified_gmt":"2025-12-02T08:54:36","slug":"pyjama-trousers-baby-pink","status":"publish","type":"product","link":"https:\/\/mudvii.shop\/lt\/produktas\/pyjama-trousers-baby-pink\/","title":{"rendered":"Keln\u0117s 'Pyjama' | Ro\u017ein\u0117"},"content":{"rendered":"<p>Size | Model wears S size. Model&#8217;s height 174cm<\/p>\n<p>Composition | 100% cotton<\/p>\n<p>Care | Wash inside out at 30 degrees or less.<\/p>","protected":false},"excerpt":{"rendered":"<p><strong>Produkto apra\u0161ymas:<\/strong><\/p>\n<ul>\n<li>Lengvas audinys, puikiai tinkantis vasarai<\/li>\n<li>Reguliuojamas juosmuo su dir\u017eeliais<\/li>\n<li>Pagaminta Lietuvoje.<\/li>\n<\/ul>","protected":false},"featured_media":27772,"comment_status":"open","ping_status":"closed","template":"","meta":[],"product_brand":[],"product_cat":[279,448,423],"product_tag":[447],"giftcard-category":[],"class_list":{"0":"post-27548","1":"product","2":"type-product","3":"status-publish","4":"has-post-thumbnail","6":"product_cat-all-products","7":"product_cat-pyjama-trousers","8":"product_cat-sale","9":"product_tag-pyjama-trousers","11":"first","12":"instock","13":"sale","14":"taxable","15":"shipping-taxable","16":"purchasable","17":"product-type-variable"},"supplier_id":null,"supplier_sku":"","atum_controlled":true,"out_stock_date":null,"out_stock_threshold":null,"inheritable":true,"inbound_stock":0,"stock_on_hold":0,"sold_today":0,"sales_last_days":0,"reserved_stock":0,"customer_returns":0,"warehouse_damage":0,"lost_in_post":0,"other_logs":0,"out_stock_days":0,"lost_sales":0,"has_location":false,"update_date":"2026-04-10T06:42:44","atum_locations":[],"atum_stock_status":"instock","restock_status":false,"low_stock_amount":"","sales_update_date":"2026-04-10T06:42:44","calc_backorders":null,"jetpack_sharing_enabled":true,"_links":{"self":[{"href":"https:\/\/mudvii.shop\/lt\/wp-json\/wp\/v2\/product\/27548","targetHints":{"allow":["GET"]}}],"collection":[{"href":"https:\/\/mudvii.shop\/lt\/wp-json\/wp\/v2\/product"}],"about":[{"href":"https:\/\/mudvii.shop\/lt\/wp-json\/wp\/v2\/types\/product"}],"replies":[{"embeddable":true,"href":"https:\/\/mudvii.shop\/lt\/wp-json\/wp\/v2\/comments?post=27548"}],"version-history":[{"count":5,"href":"https:\/\/mudvii.shop\/lt\/wp-json\/wp\/v2\/product\/27548\/revisions"}],"predecessor-version":[{"id":47682,"href":"https:\/\/mudvii.shop\/lt\/wp-json\/wp\/v2\/product\/27548\/revisions\/47682"}],"wp:featuredmedia":[{"embeddable":true,"href":"https:\/\/mudvii.shop\/lt\/wp-json\/wp\/v2\/media\/27772"}],"wp:attachment":[{"href":"https:\/\/mudvii.shop\/lt\/wp-json\/wp\/v2\/media?parent=27548"}],"wp:term":[{"taxonomy":"product_brand","embeddable":true,"href":"https:\/\/mudvii.shop\/lt\/wp-json\/wp\/v2\/product_brand?post=27548"},{"taxonomy":"product_cat","embeddable":true,"href":"https:\/\/mudvii.shop\/lt\/wp-json\/wp\/v2\/product_cat?post=27548"},{"taxonomy":"product_tag","embeddable":true,"href":"https:\/\/mudvii.shop\/lt\/wp-json\/wp\/v2\/product_tag?post=27548"},{"taxonomy":"giftcard-category","embeddable":true,"href":"https:\/\/mudvii.shop\/lt\/wp-json\/wp\/v2\/giftcard-category?post=27548"}],"curies":[{"name":"wp","href":"https:\/\/api.w.org\/{rel}","templated":true}]}}