{"id":29582,"date":"2024-07-18T09:57:15","date_gmt":"2024-07-18T06:57:15","guid":{"rendered":"https:\/\/mudvii.shop\/?post_type=product&#038;p=29582"},"modified":"2025-09-10T10:00:01","modified_gmt":"2025-09-10T07:00:01","slug":"jute-bag-evelina","status":"publish","type":"product","link":"https:\/\/mudvii.shop\/lt\/produktas\/jute-bag-evelina\/","title":{"rendered":"D\u017eiuto rankin\u0117 'EVELINA'"},"content":{"rendered":"<p>100% d\u017eiutas. Tik sausas valymas.<\/p>\n<p>Auk\u0161tis: 22 cm, plotis: 30 cm.<\/p>","protected":false},"excerpt":{"rendered":"<p><strong>Produkto apra\u0161ymas:<\/strong><\/p>\n<ul>\n<li style=\"list-style-type: none;\">\n<ul>\n<li>I\u0161skirtin\u0117 rank\u0173 darbo d\u017eiuto rankin\u0117<\/li>\n<li>\u0160iai rankinei naudotas d\u017eiutas yra pagamintas pagal u\u017esakym\u0105, kad tarnaut\u0173 am\u017einai<\/li>\n<li>Viduje yra lininis mai\u0161elis su dir\u017eeliais<\/li>\n<\/ul>\n<\/li>\n<\/ul>","protected":false},"featured_media":29567,"comment_status":"open","ping_status":"closed","template":"","meta":[],"product_brand":[],"product_cat":[279,361],"product_tag":[],"giftcard-category":[],"class_list":{"0":"post-29582","1":"product","2":"type-product","3":"status-publish","4":"has-post-thumbnail","6":"product_cat-all-products","7":"product_cat-bags","9":"first","10":"outofstock","11":"taxable","12":"shipping-taxable","13":"purchasable","14":"product-type-simple"},"supplier_id":null,"supplier_sku":"","atum_controlled":true,"out_stock_date":"2025-09-10 10:00:01","out_stock_threshold":null,"inheritable":false,"inbound_stock":0,"stock_on_hold":0,"sold_today":0,"sales_last_days":0,"reserved_stock":0,"customer_returns":0,"warehouse_damage":0,"lost_in_post":0,"other_logs":0,"out_stock_days":211,"lost_sales":0,"has_location":false,"update_date":"2026-04-10T06:42:30","atum_locations":[],"atum_stock_status":"outofstock","restock_status":false,"low_stock_amount":"","sales_update_date":"2026-04-10T06:42:30","calc_backorders":null,"jetpack_sharing_enabled":true,"_links":{"self":[{"href":"https:\/\/mudvii.shop\/lt\/wp-json\/wp\/v2\/product\/29582","targetHints":{"allow":["GET"]}}],"collection":[{"href":"https:\/\/mudvii.shop\/lt\/wp-json\/wp\/v2\/product"}],"about":[{"href":"https:\/\/mudvii.shop\/lt\/wp-json\/wp\/v2\/types\/product"}],"replies":[{"embeddable":true,"href":"https:\/\/mudvii.shop\/lt\/wp-json\/wp\/v2\/comments?post=29582"}],"version-history":[{"count":8,"href":"https:\/\/mudvii.shop\/lt\/wp-json\/wp\/v2\/product\/29582\/revisions"}],"predecessor-version":[{"id":43645,"href":"https:\/\/mudvii.shop\/lt\/wp-json\/wp\/v2\/product\/29582\/revisions\/43645"}],"wp:featuredmedia":[{"embeddable":true,"href":"https:\/\/mudvii.shop\/lt\/wp-json\/wp\/v2\/media\/29567"}],"wp:attachment":[{"href":"https:\/\/mudvii.shop\/lt\/wp-json\/wp\/v2\/media?parent=29582"}],"wp:term":[{"taxonomy":"product_brand","embeddable":true,"href":"https:\/\/mudvii.shop\/lt\/wp-json\/wp\/v2\/product_brand?post=29582"},{"taxonomy":"product_cat","embeddable":true,"href":"https:\/\/mudvii.shop\/lt\/wp-json\/wp\/v2\/product_cat?post=29582"},{"taxonomy":"product_tag","embeddable":true,"href":"https:\/\/mudvii.shop\/lt\/wp-json\/wp\/v2\/product_tag?post=29582"},{"taxonomy":"giftcard-category","embeddable":true,"href":"https:\/\/mudvii.shop\/lt\/wp-json\/wp\/v2\/giftcard-category?post=29582"}],"curies":[{"name":"wp","href":"https:\/\/api.w.org\/{rel}","templated":true}]}}