{"id":35688,"date":"2024-10-09T16:14:38","date_gmt":"2024-10-09T13:14:38","guid":{"rendered":"https:\/\/mudvii.shop\/?post_type=product&#038;p=35688"},"modified":"2025-12-10T15:49:33","modified_gmt":"2025-12-10T13:49:33","slug":"oversized-blazer-burgundy","status":"publish","type":"product","link":"https:\/\/mudvii.shop\/lt\/produktas\/oversized-blazer-burgundy\/","title":{"rendered":"BLAZER &#8216;CONFIDENCE&#8217; | Burgundy"},"content":{"rendered":"<p>Modelis d\u0117vi S\/M dyd\u012f. Modelio \u016bgis 172cm<\/p>\n<p>Composition: 53% polyester, 43% wool, 4% elastane.<\/p>\n<p>Prie\u017ei\u016bra: Sausas valymas<\/p>","protected":false},"excerpt":{"rendered":"<p><strong>Produkto apra\u0161ymas:<\/strong><\/p>\n<div>\n<ul>\n<li>Jau klasika tap\u0119s ir vis\u0173 moter\u0173 spintoje privalantis b\u016bti padidinto modelio \u0161varkas. \u0160is modelis buvo kuriamas bendradarbiaujant kartu stiliste Greta \u017dvinklyte, kuri ilgamet\u0119 savo patirt\u012f dirbant stiliste Londone su garsiausiomis pasaulio \u012f\u017eimyb\u0117mis nuguld\u0117 ir pritaik\u0117 m\u016bs\u0173 moterims taip, kad idealiai tikt\u0173 kiekvienam fig\u016bros tipui. Stilist\u0117s sprendimu \u0161varko siluetas pasi\u016btas identifikuojant liemens linij\u0105, nepaisant to, kad modelis yra oversized, taip pabr\u0117\u017eiant moters moteri\u0161kum\u0105, bet nei kiek ne\u012fpareigojant.<\/li>\n<li>\u0160varkas su itin i\u0161reik\u0161tais pla\u010diais pe\u010diais.<\/li>\n<li>Kiekvienas \u0161varko pamu\u0161alas ry\u0161kus ir spausdintas individualia logo spauda.<\/li>\n<li>\u0160varko modelis tikrai didintas, ten renkantis dyd\u012f, rinkit\u0117s t\u0105, kur\u012f ir ne\u0161iojate. Didesnio rinktis nereikia.<\/li>\n<\/ul>\n<\/div>","protected":false},"featured_media":38069,"comment_status":"open","ping_status":"closed","template":"","meta":[],"product_brand":[],"product_cat":[279,310,320,311,327,423,344],"product_tag":[284],"giftcard-category":[],"class_list":{"0":"post-35688","1":"product","2":"type-product","3":"status-publish","4":"has-post-thumbnail","6":"product_cat-all-products","7":"product_cat-classic-collection","8":"product_cat-mudvii-blazers","9":"product_cat-mudvii-x-greta-zvinklyte-collection","10":"product_cat-oversized-blazers","11":"product_cat-sale","12":"product_cat-your-favorites","13":"product_tag-new","15":"first","16":"instock","17":"sale","18":"taxable","19":"shipping-taxable","20":"purchasable","21":"product-type-variable","22":"has-default-attributes"},"supplier_id":null,"supplier_sku":"","atum_controlled":true,"out_stock_date":null,"out_stock_threshold":null,"inheritable":true,"inbound_stock":0,"stock_on_hold":0,"sold_today":0,"sales_last_days":0,"reserved_stock":0,"customer_returns":0,"warehouse_damage":0,"lost_in_post":0,"other_logs":0,"out_stock_days":0,"lost_sales":0,"has_location":false,"update_date":"2026-04-10T06:42:42","atum_locations":[],"atum_stock_status":"instock","restock_status":false,"low_stock_amount":"","sales_update_date":"2026-04-10T06:42:42","calc_backorders":null,"jetpack_sharing_enabled":true,"_links":{"self":[{"href":"https:\/\/mudvii.shop\/lt\/wp-json\/wp\/v2\/product\/35688","targetHints":{"allow":["GET"]}}],"collection":[{"href":"https:\/\/mudvii.shop\/lt\/wp-json\/wp\/v2\/product"}],"about":[{"href":"https:\/\/mudvii.shop\/lt\/wp-json\/wp\/v2\/types\/product"}],"replies":[{"embeddable":true,"href":"https:\/\/mudvii.shop\/lt\/wp-json\/wp\/v2\/comments?post=35688"}],"version-history":[{"count":4,"href":"https:\/\/mudvii.shop\/lt\/wp-json\/wp\/v2\/product\/35688\/revisions"}],"predecessor-version":[{"id":44982,"href":"https:\/\/mudvii.shop\/lt\/wp-json\/wp\/v2\/product\/35688\/revisions\/44982"}],"wp:featuredmedia":[{"embeddable":true,"href":"https:\/\/mudvii.shop\/lt\/wp-json\/wp\/v2\/media\/38069"}],"wp:attachment":[{"href":"https:\/\/mudvii.shop\/lt\/wp-json\/wp\/v2\/media?parent=35688"}],"wp:term":[{"taxonomy":"product_brand","embeddable":true,"href":"https:\/\/mudvii.shop\/lt\/wp-json\/wp\/v2\/product_brand?post=35688"},{"taxonomy":"product_cat","embeddable":true,"href":"https:\/\/mudvii.shop\/lt\/wp-json\/wp\/v2\/product_cat?post=35688"},{"taxonomy":"product_tag","embeddable":true,"href":"https:\/\/mudvii.shop\/lt\/wp-json\/wp\/v2\/product_tag?post=35688"},{"taxonomy":"giftcard-category","embeddable":true,"href":"https:\/\/mudvii.shop\/lt\/wp-json\/wp\/v2\/giftcard-category?post=35688"}],"curies":[{"name":"wp","href":"https:\/\/api.w.org\/{rel}","templated":true}]}}