{"id":35768,"date":"2024-10-10T09:41:35","date_gmt":"2024-10-10T06:41:35","guid":{"rendered":"https:\/\/mudvii.shop\/?post_type=product&#038;p=35768"},"modified":"2025-12-10T13:05:06","modified_gmt":"2025-12-10T11:05:06","slug":"turtle-neck-sweater-white","status":"publish","type":"product","link":"https:\/\/mudvii.shop\/lt\/produktas\/turtle-neck-sweater-white\/","title":{"rendered":"Megztinis auk\u0161tu kaklu | Baltas"},"content":{"rendered":"<p>Modelis d\u0117vi S\/M dyd\u012f. Modelio \u016bgis 172cm<\/p>\n<p>Sud\u0117tis: 95% bambukas, 5% elastanas.<\/p>\n<p>Prie\u017ei\u016bra: Skalbti ne auk\u0161tesn\u0117je kaip 30C temperat\u016broje. Nebalinkite ir ned\u017eiovinkite d\u017eiovykl\u0117je. Linija sausa.<\/p>","protected":false},"excerpt":{"rendered":"<p><strong>Produkto apra\u0161ymas:\u00a0<\/strong><\/p>\n<ul>\n<li>Statyti petukai.<\/li>\n<li>Mink\u0161tas audinys viduje.<\/li>\n<li>Itin ilgos rankov\u0117s.<\/li>\n<li>Pagaminta Lietuvoje.<\/li>\n<\/ul>","protected":false},"featured_media":39475,"comment_status":"open","ping_status":"closed","template":"","meta":[],"product_brand":[],"product_cat":[279,421],"product_tag":[432],"giftcard-category":[],"class_list":{"0":"post-35768","1":"product","2":"type-product","3":"status-publish","4":"has-post-thumbnail","6":"product_cat-all-products","7":"product_cat-tops","8":"product_tag-turtle-neck-sweater","10":"first","11":"instock","12":"taxable","13":"shipping-taxable","14":"purchasable","15":"product-type-variable"},"supplier_id":null,"supplier_sku":"","atum_controlled":true,"out_stock_date":null,"out_stock_threshold":null,"inheritable":true,"inbound_stock":0,"stock_on_hold":0,"sold_today":0,"sales_last_days":0,"reserved_stock":0,"customer_returns":0,"warehouse_damage":0,"lost_in_post":0,"other_logs":0,"out_stock_days":0,"lost_sales":0,"has_location":false,"update_date":"2026-04-10T06:42:30","atum_locations":[],"atum_stock_status":"instock","restock_status":false,"low_stock_amount":"","sales_update_date":"2026-04-10T06:42:30","calc_backorders":null,"jetpack_sharing_enabled":true,"_links":{"self":[{"href":"https:\/\/mudvii.shop\/lt\/wp-json\/wp\/v2\/product\/35768","targetHints":{"allow":["GET"]}}],"collection":[{"href":"https:\/\/mudvii.shop\/lt\/wp-json\/wp\/v2\/product"}],"about":[{"href":"https:\/\/mudvii.shop\/lt\/wp-json\/wp\/v2\/types\/product"}],"replies":[{"embeddable":true,"href":"https:\/\/mudvii.shop\/lt\/wp-json\/wp\/v2\/comments?post=35768"}],"version-history":[{"count":3,"href":"https:\/\/mudvii.shop\/lt\/wp-json\/wp\/v2\/product\/35768\/revisions"}],"predecessor-version":[{"id":37446,"href":"https:\/\/mudvii.shop\/lt\/wp-json\/wp\/v2\/product\/35768\/revisions\/37446"}],"wp:featuredmedia":[{"embeddable":true,"href":"https:\/\/mudvii.shop\/lt\/wp-json\/wp\/v2\/media\/39475"}],"wp:attachment":[{"href":"https:\/\/mudvii.shop\/lt\/wp-json\/wp\/v2\/media?parent=35768"}],"wp:term":[{"taxonomy":"product_brand","embeddable":true,"href":"https:\/\/mudvii.shop\/lt\/wp-json\/wp\/v2\/product_brand?post=35768"},{"taxonomy":"product_cat","embeddable":true,"href":"https:\/\/mudvii.shop\/lt\/wp-json\/wp\/v2\/product_cat?post=35768"},{"taxonomy":"product_tag","embeddable":true,"href":"https:\/\/mudvii.shop\/lt\/wp-json\/wp\/v2\/product_tag?post=35768"},{"taxonomy":"giftcard-category","embeddable":true,"href":"https:\/\/mudvii.shop\/lt\/wp-json\/wp\/v2\/giftcard-category?post=35768"}],"curies":[{"name":"wp","href":"https:\/\/api.w.org\/{rel}","templated":true}]}}