{"id":38000,"date":"2024-11-07T16:47:54","date_gmt":"2024-11-07T13:47:54","guid":{"rendered":"https:\/\/mudvii.shop\/?post_type=product&#038;p=38000"},"modified":"2025-12-04T12:57:05","modified_gmt":"2025-12-04T10:57:05","slug":"mini-skirt-with-a-slit-burgundy","status":"publish","type":"product","link":"https:\/\/mudvii.shop\/lt\/produktas\/mini-skirt-with-a-slit-burgundy\/","title":{"rendered":"Mini sijonas | Burgundy"},"content":{"rendered":"<p>Model wears size S. Model&#8217;s height 172cm<\/p>\n<p>Composition: 53% polyester, 43% wool, 3% elastane.<\/p>\n<p>Care: Only dry cleaning.<\/p>","protected":false},"excerpt":{"rendered":"<p><strong>Produkto apra\u0161ymas:\u00a0<\/strong><\/p>\n<ul>\n<li>Mini sijonas su skeltuku priekyje.<\/li>\n<li>U\u017etrauktukas gale.<\/li>\n<li>Tai m\u016bs\u0173 klasikin\u0117s kolekcijos t\u0119sinys, tod\u0117l puikiai dera su klasikiniais \u0161varkais.<\/li>\n<li>Pagaminta Lietuvoje.<\/li>\n<\/ul>","protected":false},"featured_media":37950,"comment_status":"open","ping_status":"closed","template":"","meta":[],"product_brand":[],"product_cat":[279,422,423,333],"product_tag":[434],"giftcard-category":[],"class_list":{"0":"post-38000","1":"product","2":"type-product","3":"status-publish","4":"has-post-thumbnail","6":"product_cat-all-products","7":"product_cat-classic-skirts","8":"product_cat-sale","9":"product_cat-skirts","10":"product_tag-mini-skirt","12":"first","13":"instock","14":"sale","15":"taxable","16":"shipping-taxable","17":"purchasable","18":"product-type-variable"},"supplier_id":null,"supplier_sku":"","atum_controlled":true,"out_stock_date":null,"out_stock_threshold":null,"inheritable":true,"inbound_stock":0,"stock_on_hold":0,"sold_today":0,"sales_last_days":0,"reserved_stock":0,"customer_returns":0,"warehouse_damage":0,"lost_in_post":0,"other_logs":0,"out_stock_days":0,"lost_sales":0,"has_location":false,"update_date":"2026-04-10T06:42:42","atum_locations":[],"atum_stock_status":"instock","restock_status":false,"low_stock_amount":"","sales_update_date":"2026-04-10T06:42:42","calc_backorders":null,"jetpack_sharing_enabled":true,"_links":{"self":[{"href":"https:\/\/mudvii.shop\/lt\/wp-json\/wp\/v2\/product\/38000","targetHints":{"allow":["GET"]}}],"collection":[{"href":"https:\/\/mudvii.shop\/lt\/wp-json\/wp\/v2\/product"}],"about":[{"href":"https:\/\/mudvii.shop\/lt\/wp-json\/wp\/v2\/types\/product"}],"replies":[{"embeddable":true,"href":"https:\/\/mudvii.shop\/lt\/wp-json\/wp\/v2\/comments?post=38000"}],"version-history":[{"count":1,"href":"https:\/\/mudvii.shop\/lt\/wp-json\/wp\/v2\/product\/38000\/revisions"}],"predecessor-version":[{"id":38006,"href":"https:\/\/mudvii.shop\/lt\/wp-json\/wp\/v2\/product\/38000\/revisions\/38006"}],"wp:featuredmedia":[{"embeddable":true,"href":"https:\/\/mudvii.shop\/lt\/wp-json\/wp\/v2\/media\/37950"}],"wp:attachment":[{"href":"https:\/\/mudvii.shop\/lt\/wp-json\/wp\/v2\/media?parent=38000"}],"wp:term":[{"taxonomy":"product_brand","embeddable":true,"href":"https:\/\/mudvii.shop\/lt\/wp-json\/wp\/v2\/product_brand?post=38000"},{"taxonomy":"product_cat","embeddable":true,"href":"https:\/\/mudvii.shop\/lt\/wp-json\/wp\/v2\/product_cat?post=38000"},{"taxonomy":"product_tag","embeddable":true,"href":"https:\/\/mudvii.shop\/lt\/wp-json\/wp\/v2\/product_tag?post=38000"},{"taxonomy":"giftcard-category","embeddable":true,"href":"https:\/\/mudvii.shop\/lt\/wp-json\/wp\/v2\/giftcard-category?post=38000"}],"curies":[{"name":"wp","href":"https:\/\/api.w.org\/{rel}","templated":true}]}}