{"id":39486,"date":"2024-12-11T22:54:35","date_gmt":"2024-12-11T20:54:35","guid":{"rendered":"https:\/\/mudvii.shop\/?post_type=product&#038;p=39486"},"modified":"2025-12-12T17:18:16","modified_gmt":"2025-12-12T15:18:16","slug":"scarf-love","status":"publish","type":"product","link":"https:\/\/mudvii.shop\/lt\/produktas\/scarf-love\/","title":{"rendered":"SCARF &#8216;LOVE&#8217;"},"content":{"rendered":"<p>Sud\u0117tis: 100% poliesteris<\/p>\n<p>Dydis: 70x70cm<\/p>","protected":false},"excerpt":{"rendered":"<p>\u0160i skarel\u0117 mums be galo ypatinga. \u012e j\u0105 sud\u0117jome visas \u0161irdyje u\u017egimusias \u017einutes Tau. Kiekviena j\u0173 \u012f m\u016bs\u0173 gyvenim\u0105 at\u0117jo su tikslu - dar labiau atsigr\u0119\u017eti \u012f save, daugiau klausyti \u0161irdies ir su atjauta pa\u017evelgti \u012f sprendimus, u\u017e kuriuos galb\u016bt ank\u0161\u010diau save teis\u0117me.<\/p>\n<p><strong>Produkto apra\u0161ymas:<\/strong><\/p>\n<ul>\n<li>Unikalaus dizaino skarel\u0117 su motyvuojan\u010dia \u017einute kiekvienai<\/li>\n<li><span style=\"letter-spacing: 0px;\">Skarel\u0117 itin maloni ir \u0161velni<\/span><\/li>\n<li><span style=\"letter-spacing: 0px;\">Komplekt\u0105 sudaro - skarel\u0117, kortel\u0117 su stilizavimo id\u0117jomis, juoda magnetin\u0117 d\u0117\u017eut\u0117<\/span><\/li>\n<li><span style=\"letter-spacing: 0px;\">Skarel\u0117 jau supakuota kaip tobula dovana mylimai moteriai<\/span><\/li>\n<\/ul>","protected":false},"featured_media":39478,"comment_status":"open","ping_status":"closed","template":"","meta":[],"product_brand":[],"product_cat":[279,535,291,426],"product_tag":[],"giftcard-category":[],"class_list":{"0":"post-39486","1":"product","2":"type-product","3":"status-publish","4":"has-post-thumbnail","6":"product_cat-all-products","7":"product_cat-gift-guide","8":"product_cat-new-collection","9":"product_cat-scarves","11":"first","12":"instock","13":"taxable","14":"shipping-taxable","15":"purchasable","16":"product-type-simple"},"supplier_id":null,"supplier_sku":"","atum_controlled":true,"out_stock_date":null,"out_stock_threshold":null,"inheritable":false,"inbound_stock":0,"stock_on_hold":0,"sold_today":0,"sales_last_days":0,"reserved_stock":0,"customer_returns":0,"warehouse_damage":0,"lost_in_post":0,"other_logs":0,"out_stock_days":0,"lost_sales":0,"has_location":false,"update_date":"2026-04-10T06:42:42","atum_locations":[],"atum_stock_status":"instock","restock_status":false,"low_stock_amount":"","sales_update_date":"2026-04-10T06:42:42","calc_backorders":null,"jetpack_sharing_enabled":true,"_links":{"self":[{"href":"https:\/\/mudvii.shop\/lt\/wp-json\/wp\/v2\/product\/39486","targetHints":{"allow":["GET"]}}],"collection":[{"href":"https:\/\/mudvii.shop\/lt\/wp-json\/wp\/v2\/product"}],"about":[{"href":"https:\/\/mudvii.shop\/lt\/wp-json\/wp\/v2\/types\/product"}],"replies":[{"embeddable":true,"href":"https:\/\/mudvii.shop\/lt\/wp-json\/wp\/v2\/comments?post=39486"}],"version-history":[{"count":3,"href":"https:\/\/mudvii.shop\/lt\/wp-json\/wp\/v2\/product\/39486\/revisions"}],"predecessor-version":[{"id":44968,"href":"https:\/\/mudvii.shop\/lt\/wp-json\/wp\/v2\/product\/39486\/revisions\/44968"}],"wp:featuredmedia":[{"embeddable":true,"href":"https:\/\/mudvii.shop\/lt\/wp-json\/wp\/v2\/media\/39478"}],"wp:attachment":[{"href":"https:\/\/mudvii.shop\/lt\/wp-json\/wp\/v2\/media?parent=39486"}],"wp:term":[{"taxonomy":"product_brand","embeddable":true,"href":"https:\/\/mudvii.shop\/lt\/wp-json\/wp\/v2\/product_brand?post=39486"},{"taxonomy":"product_cat","embeddable":true,"href":"https:\/\/mudvii.shop\/lt\/wp-json\/wp\/v2\/product_cat?post=39486"},{"taxonomy":"product_tag","embeddable":true,"href":"https:\/\/mudvii.shop\/lt\/wp-json\/wp\/v2\/product_tag?post=39486"},{"taxonomy":"giftcard-category","embeddable":true,"href":"https:\/\/mudvii.shop\/lt\/wp-json\/wp\/v2\/giftcard-category?post=39486"}],"curies":[{"name":"wp","href":"https:\/\/api.w.org\/{rel}","templated":true}]}}