{"id":39488,"date":"2024-12-10T13:41:16","date_gmt":"2024-12-10T11:41:16","guid":{"rendered":"https:\/\/mudvii.shop\/?post_type=product&#038;p=39488"},"modified":"2025-12-09T09:01:43","modified_gmt":"2025-12-09T07:01:43","slug":"socks-burgundy","status":"publish","type":"product","link":"https:\/\/mudvii.shop\/lt\/produktas\/socks-burgundy\/","title":{"rendered":"SOCKS &#8216;COZINESS&#8217;| Burgundy"},"content":{"rendered":"<p>Sud\u0117tis: 80% medviln\u0117, 17% poliamidas, 3% elastanas<\/p>\n<p>&nbsp;<\/p>","protected":false},"excerpt":{"rendered":"<p><em><strong>Produkto apra\u0161ymas:\u00a0<\/strong><\/em><\/p>\n<ul>\n<li>Prailgintos ir i\u0161siuvin\u0117tos kojin\u0117s<\/li>\n<li>Nei\u0161sitampo ir puikiai laiko form\u0105<\/li>\n<li>Tobula \u0161okoladin\u0117 spalva visiems mados myl\u0117tojams<\/li>\n<li>Galima supakuoti kaip dovan\u0105 su dovan\u0173 d\u0117\u017eute.<\/li>\n<\/ul>","protected":false},"featured_media":39483,"comment_status":"open","ping_status":"closed","template":"","meta":[],"product_brand":[],"product_cat":[279,535,423,290],"product_tag":[287],"giftcard-category":[],"class_list":{"0":"post-39488","1":"product","2":"type-product","3":"status-publish","4":"has-post-thumbnail","6":"product_cat-all-products","7":"product_cat-gift-guide","8":"product_cat-sale","9":"product_cat-socks","10":"product_tag-accessories","12":"first","13":"instock","14":"sale","15":"taxable","16":"shipping-taxable","17":"purchasable","18":"product-type-variable"},"supplier_id":null,"supplier_sku":"","atum_controlled":true,"out_stock_date":null,"out_stock_threshold":null,"inheritable":true,"inbound_stock":0,"stock_on_hold":0,"sold_today":0,"sales_last_days":0,"reserved_stock":0,"customer_returns":0,"warehouse_damage":0,"lost_in_post":0,"other_logs":0,"out_stock_days":0,"lost_sales":0,"has_location":false,"update_date":"2026-04-10T06:42:42","atum_locations":[],"atum_stock_status":"instock","restock_status":false,"low_stock_amount":"","sales_update_date":"2026-04-10T06:42:42","calc_backorders":null,"jetpack_sharing_enabled":true,"_links":{"self":[{"href":"https:\/\/mudvii.shop\/lt\/wp-json\/wp\/v2\/product\/39488","targetHints":{"allow":["GET"]}}],"collection":[{"href":"https:\/\/mudvii.shop\/lt\/wp-json\/wp\/v2\/product"}],"about":[{"href":"https:\/\/mudvii.shop\/lt\/wp-json\/wp\/v2\/types\/product"}],"replies":[{"embeddable":true,"href":"https:\/\/mudvii.shop\/lt\/wp-json\/wp\/v2\/comments?post=39488"}],"version-history":[{"count":3,"href":"https:\/\/mudvii.shop\/lt\/wp-json\/wp\/v2\/product\/39488\/revisions"}],"predecessor-version":[{"id":44969,"href":"https:\/\/mudvii.shop\/lt\/wp-json\/wp\/v2\/product\/39488\/revisions\/44969"}],"wp:featuredmedia":[{"embeddable":true,"href":"https:\/\/mudvii.shop\/lt\/wp-json\/wp\/v2\/media\/39483"}],"wp:attachment":[{"href":"https:\/\/mudvii.shop\/lt\/wp-json\/wp\/v2\/media?parent=39488"}],"wp:term":[{"taxonomy":"product_brand","embeddable":true,"href":"https:\/\/mudvii.shop\/lt\/wp-json\/wp\/v2\/product_brand?post=39488"},{"taxonomy":"product_cat","embeddable":true,"href":"https:\/\/mudvii.shop\/lt\/wp-json\/wp\/v2\/product_cat?post=39488"},{"taxonomy":"product_tag","embeddable":true,"href":"https:\/\/mudvii.shop\/lt\/wp-json\/wp\/v2\/product_tag?post=39488"},{"taxonomy":"giftcard-category","embeddable":true,"href":"https:\/\/mudvii.shop\/lt\/wp-json\/wp\/v2\/giftcard-category?post=39488"}],"curies":[{"name":"wp","href":"https:\/\/api.w.org\/{rel}","templated":true}]}}