{"id":42780,"date":"2025-03-12T11:12:24","date_gmt":"2025-03-12T09:12:24","guid":{"rendered":"https:\/\/mudvii.shop\/?post_type=product&#038;p=42780"},"modified":"2025-12-11T16:42:22","modified_gmt":"2025-12-11T14:42:22","slug":"oversized-blazer-chocolate","status":"publish","type":"product","link":"https:\/\/mudvii.shop\/lt\/produktas\/oversized-blazer-chocolate\/","title":{"rendered":"Confidence Blazer | Chocolate"},"content":{"rendered":"<p>Modelis d\u0117vi S\/M dyd\u012f. Modelio \u016bgis 172cm<\/p>\n<p>Sud\u0117tis: 70%  poliesteris, 23% viskoz\u0117, 7% elastanas<\/p>\n<p>Prie\u017ei\u016bra: Sausas valymas<\/p>","protected":false},"excerpt":{"rendered":"<p><strong>Produkto apra\u0161ymas:<\/strong><\/p>\n<div>\n<ul>\n<li>Jau klasika tap\u0119s ir vis\u0173 moter\u0173 spintoje privalantis b\u016bti padidinto modelio \u0161varkas. \u0160is modelis buvo kuriamas bendradarbiaujant kartu stiliste Greta \u017dvinklyte, kuri ilgamet\u0119 savo patirt\u012f dirbant stiliste Londone su garsiausiomis pasaulio \u012f\u017eimyb\u0117mis nuguld\u0117 ir pritaik\u0117 m\u016bs\u0173 moterims taip, kad idealiai tikt\u0173 kiekvienam fig\u016bros tipui. Stilist\u0117s sprendimu \u0161varko siluetas pasi\u016btas identifikuojant liemens linij\u0105, nepaisant to, kad modelis yra oversized, taip pabr\u0117\u017eiant moters moteri\u0161kum\u0105, bet nei kiek ne\u012fpareigojant.<\/li>\n<li>\u0160varkas su itin i\u0161reik\u0161tais pla\u010diais pe\u010diais.<\/li>\n<li>Visi pamu\u0161alai yra su spausdintu logotipu<\/li>\n<li>\u0160varko modelis tikrai didintas, ten renkantis dyd\u012f, rinkit\u0117s t\u0105, kur\u012f ir ne\u0161iojate. Didesnio rinktis nereikia.<\/li>\n<\/ul>\n<\/div>","protected":false},"featured_media":42743,"comment_status":"open","ping_status":"closed","template":"","meta":[],"product_brand":[],"product_cat":[279,310,535,320,311,327,344],"product_tag":[465],"giftcard-category":[],"class_list":{"0":"post-42780","1":"product","2":"type-product","3":"status-publish","4":"has-post-thumbnail","6":"product_cat-all-products","7":"product_cat-classic-collection","8":"product_cat-gift-guide","9":"product_cat-mudvii-blazers","10":"product_cat-mudvii-x-greta-zvinklyte-collection","11":"product_cat-oversized-blazers","12":"product_cat-your-favorites","13":"product_tag-oversized-blazer","15":"first","16":"instock","17":"taxable","18":"shipping-taxable","19":"purchasable","20":"product-type-variable","21":"has-default-attributes"},"supplier_id":null,"supplier_sku":"","atum_controlled":true,"out_stock_date":null,"out_stock_threshold":null,"inheritable":true,"inbound_stock":0,"stock_on_hold":0,"sold_today":0,"sales_last_days":0,"reserved_stock":0,"customer_returns":0,"warehouse_damage":null,"lost_in_post":null,"other_logs":null,"out_stock_days":0,"lost_sales":0,"has_location":false,"update_date":"2026-04-10T06:42:41","atum_locations":[],"atum_stock_status":"instock","restock_status":false,"low_stock_amount":"","sales_update_date":"2026-04-10T06:42:41","calc_backorders":null,"jetpack_sharing_enabled":true,"_links":{"self":[{"href":"https:\/\/mudvii.shop\/lt\/wp-json\/wp\/v2\/product\/42780","targetHints":{"allow":["GET"]}}],"collection":[{"href":"https:\/\/mudvii.shop\/lt\/wp-json\/wp\/v2\/product"}],"about":[{"href":"https:\/\/mudvii.shop\/lt\/wp-json\/wp\/v2\/types\/product"}],"replies":[{"embeddable":true,"href":"https:\/\/mudvii.shop\/lt\/wp-json\/wp\/v2\/comments?post=42780"}],"version-history":[{"count":2,"href":"https:\/\/mudvii.shop\/lt\/wp-json\/wp\/v2\/product\/42780\/revisions"}],"predecessor-version":[{"id":44945,"href":"https:\/\/mudvii.shop\/lt\/wp-json\/wp\/v2\/product\/42780\/revisions\/44945"}],"wp:featuredmedia":[{"embeddable":true,"href":"https:\/\/mudvii.shop\/lt\/wp-json\/wp\/v2\/media\/42743"}],"wp:attachment":[{"href":"https:\/\/mudvii.shop\/lt\/wp-json\/wp\/v2\/media?parent=42780"}],"wp:term":[{"taxonomy":"product_brand","embeddable":true,"href":"https:\/\/mudvii.shop\/lt\/wp-json\/wp\/v2\/product_brand?post=42780"},{"taxonomy":"product_cat","embeddable":true,"href":"https:\/\/mudvii.shop\/lt\/wp-json\/wp\/v2\/product_cat?post=42780"},{"taxonomy":"product_tag","embeddable":true,"href":"https:\/\/mudvii.shop\/lt\/wp-json\/wp\/v2\/product_tag?post=42780"},{"taxonomy":"giftcard-category","embeddable":true,"href":"https:\/\/mudvii.shop\/lt\/wp-json\/wp\/v2\/giftcard-category?post=42780"}],"curies":[{"name":"wp","href":"https:\/\/api.w.org\/{rel}","templated":true}]}}