{"id":42784,"date":"2025-03-12T10:00:57","date_gmt":"2025-03-12T08:00:57","guid":{"rendered":"https:\/\/mudvii.shop\/?post_type=product&#038;p=42784"},"modified":"2025-12-11T12:17:05","modified_gmt":"2025-12-11T10:17:05","slug":"soft-sweatshirt-self-love-chocolate","status":"publish","type":"product","link":"https:\/\/mudvii.shop\/lt\/produktas\/soft-sweatshirt-self-love-chocolate\/","title":{"rendered":"SWEATSHIRT &#8216;SELF LOVE&#8217; | Chocolate"},"content":{"rendered":"<p>Modelio \u016bgis 172 cm ir vilki S-M dyd\u012f<\/p>\n<p>Sud\u0117tis: 80% medviln\u0117, 20% poliesteris<\/p>\n<p>Prie\u017ei\u016bra \u2013 skalbti i\u0161vertus 30 laipsni\u0173 ar \u017eemesn\u0117je temperat\u016broje. Naudokite mink\u0161t\u0105 plovikl\u012f. Kietos chemin\u0117s med\u017eiagos gali i\u0161plauti spalv\u0105. Nenaudokite d\u017eiovykl\u0117s<\/p>","protected":false},"excerpt":{"rendered":"<p><strong>Produkto apra\u0161ymas:<\/strong><\/p>\n<div>\n<ul>\n<li>Oversized d\u017eemperis be kapi\u0161ono.<\/li>\n<li>Audinys su p\u016bkeliu, kuris iki pirmo skalbimo gali p\u016bkuotis.<\/li>\n<li>S-M dydis yra \u0161iek tiek trumpesnis, tod\u0117l idealiai tiks \u017eemesnio \u016bgio merginoms. Ta\u010diau abu dyd\u017eiai yra pakankamai oversized ir tiks visiems fig\u016bros tipams<\/li>\n<li>Visi m\u016bs\u0173 produktai yra rank\u0173 darbo bei pagaminti Lietuvoje.<\/li>\n<\/ul>\n<\/div>","protected":false},"featured_media":42733,"comment_status":"open","ping_status":"closed","template":"","meta":[],"product_brand":[],"product_cat":[279,535,278,291,277,344],"product_tag":[446],"giftcard-category":[],"class_list":{"0":"post-42784","1":"product","2":"type-product","3":"status-publish","4":"has-post-thumbnail","6":"product_cat-all-products","7":"product_cat-gift-guide","8":"product_cat-leisurewear","9":"product_cat-new-collection","10":"product_cat-soft-french-terry-sweatshirts","11":"product_cat-your-favorites","12":"product_tag-sweatshirts-self-love-be-kind","14":"first","15":"instock","16":"taxable","17":"shipping-taxable","18":"purchasable","19":"product-type-variable"},"supplier_id":null,"supplier_sku":"","atum_controlled":true,"out_stock_date":null,"out_stock_threshold":null,"inheritable":true,"inbound_stock":0,"stock_on_hold":0,"sold_today":0,"sales_last_days":0,"reserved_stock":0,"customer_returns":0,"warehouse_damage":null,"lost_in_post":null,"other_logs":null,"out_stock_days":0,"lost_sales":0,"has_location":false,"update_date":"2026-04-10T06:42:41","atum_locations":[],"atum_stock_status":"instock","restock_status":false,"low_stock_amount":"","sales_update_date":"2026-04-10T06:42:41","calc_backorders":null,"jetpack_sharing_enabled":true,"_links":{"self":[{"href":"https:\/\/mudvii.shop\/lt\/wp-json\/wp\/v2\/product\/42784","targetHints":{"allow":["GET"]}}],"collection":[{"href":"https:\/\/mudvii.shop\/lt\/wp-json\/wp\/v2\/product"}],"about":[{"href":"https:\/\/mudvii.shop\/lt\/wp-json\/wp\/v2\/types\/product"}],"replies":[{"embeddable":true,"href":"https:\/\/mudvii.shop\/lt\/wp-json\/wp\/v2\/comments?post=42784"}],"version-history":[{"count":3,"href":"https:\/\/mudvii.shop\/lt\/wp-json\/wp\/v2\/product\/42784\/revisions"}],"predecessor-version":[{"id":44964,"href":"https:\/\/mudvii.shop\/lt\/wp-json\/wp\/v2\/product\/42784\/revisions\/44964"}],"wp:featuredmedia":[{"embeddable":true,"href":"https:\/\/mudvii.shop\/lt\/wp-json\/wp\/v2\/media\/42733"}],"wp:attachment":[{"href":"https:\/\/mudvii.shop\/lt\/wp-json\/wp\/v2\/media?parent=42784"}],"wp:term":[{"taxonomy":"product_brand","embeddable":true,"href":"https:\/\/mudvii.shop\/lt\/wp-json\/wp\/v2\/product_brand?post=42784"},{"taxonomy":"product_cat","embeddable":true,"href":"https:\/\/mudvii.shop\/lt\/wp-json\/wp\/v2\/product_cat?post=42784"},{"taxonomy":"product_tag","embeddable":true,"href":"https:\/\/mudvii.shop\/lt\/wp-json\/wp\/v2\/product_tag?post=42784"},{"taxonomy":"giftcard-category","embeddable":true,"href":"https:\/\/mudvii.shop\/lt\/wp-json\/wp\/v2\/giftcard-category?post=42784"}],"curies":[{"name":"wp","href":"https:\/\/api.w.org\/{rel}","templated":true}]}}