{"id":42822,"date":"2025-03-12T11:10:11","date_gmt":"2025-03-12T09:10:11","guid":{"rendered":"https:\/\/mudvii.shop\/?post_type=product&#038;p=42822"},"modified":"2025-12-12T10:55:20","modified_gmt":"2025-12-12T08:55:20","slug":"soft-jogger-chocolate-grey","status":"publish","type":"product","link":"https:\/\/mudvii.shop\/lt\/produktas\/soft-jogger-chocolate-grey\/","title":{"rendered":"JOGGER &#8216;ENERGY&#8217; | Grey"},"content":{"rendered":"<p>Modelio \u016bgis 172 cm ir vilki S dyd\u012f<\/p>\n<p>Sud\u0117tis: 80% medviln\u0117, 20% poliesteris<\/p>\n<p>Prie\u017ei\u016bra \u2013 skalbti i\u0161vertus 30 laipsni\u0173 ar \u017eemesn\u0117je temperat\u016broje. Naudokite mink\u0161t\u0105 plovikl\u012f. Kietos chemin\u0117s med\u017eiagos gali i\u0161plauti spalv\u0105. Nenaudokite d\u017eiovykl\u0117je.<\/p>","protected":false},"excerpt":{"rendered":"<div><strong>Produkto apra\u0161ymas:<\/strong><\/div>\n<div>\n<ul>\n<li>Keln\u0117s su guma auk\u0161tu liemeniu<\/li>\n<li>Audinys su p\u016bkeliu, kuris gali p\u016bkuotis iki pirm\u0173j\u0173 skalbim\u0173<\/li>\n<li>Pagaminta Lietuvoje.<\/li>\n<li>Puikiai dera su visa nauja \u0161okoladin\u0117s spalvos laisvalaikio kolekcija<\/li>\n<\/ul>\n<p>&nbsp;<\/p>\n<\/div>","protected":false},"featured_media":42765,"comment_status":"open","ping_status":"closed","template":"","meta":[],"product_brand":[],"product_cat":[279,278,291,423,341],"product_tag":[444],"giftcard-category":[],"class_list":{"0":"post-42822","1":"product","2":"type-product","3":"status-publish","4":"has-post-thumbnail","6":"product_cat-all-products","7":"product_cat-leisurewear","8":"product_cat-new-collection","9":"product_cat-sale","10":"product_cat-soft-french-terry-sweatpants","11":"product_tag-soft-jogger","13":"first","14":"instock","15":"sale","16":"taxable","17":"shipping-taxable","18":"purchasable","19":"product-type-variable"},"supplier_id":null,"supplier_sku":"","atum_controlled":true,"out_stock_date":null,"out_stock_threshold":null,"inheritable":true,"inbound_stock":0,"stock_on_hold":0,"sold_today":0,"sales_last_days":0,"reserved_stock":0,"customer_returns":0,"warehouse_damage":null,"lost_in_post":null,"other_logs":null,"out_stock_days":0,"lost_sales":0,"has_location":false,"update_date":"2026-04-10T06:42:40","atum_locations":[],"atum_stock_status":"instock","restock_status":false,"low_stock_amount":"","sales_update_date":"2026-04-10T06:42:40","calc_backorders":null,"jetpack_sharing_enabled":true,"_links":{"self":[{"href":"https:\/\/mudvii.shop\/lt\/wp-json\/wp\/v2\/product\/42822","targetHints":{"allow":["GET"]}}],"collection":[{"href":"https:\/\/mudvii.shop\/lt\/wp-json\/wp\/v2\/product"}],"about":[{"href":"https:\/\/mudvii.shop\/lt\/wp-json\/wp\/v2\/types\/product"}],"replies":[{"embeddable":true,"href":"https:\/\/mudvii.shop\/lt\/wp-json\/wp\/v2\/comments?post=42822"}],"version-history":[{"count":2,"href":"https:\/\/mudvii.shop\/lt\/wp-json\/wp\/v2\/product\/42822\/revisions"}],"predecessor-version":[{"id":44960,"href":"https:\/\/mudvii.shop\/lt\/wp-json\/wp\/v2\/product\/42822\/revisions\/44960"}],"wp:featuredmedia":[{"embeddable":true,"href":"https:\/\/mudvii.shop\/lt\/wp-json\/wp\/v2\/media\/42765"}],"wp:attachment":[{"href":"https:\/\/mudvii.shop\/lt\/wp-json\/wp\/v2\/media?parent=42822"}],"wp:term":[{"taxonomy":"product_brand","embeddable":true,"href":"https:\/\/mudvii.shop\/lt\/wp-json\/wp\/v2\/product_brand?post=42822"},{"taxonomy":"product_cat","embeddable":true,"href":"https:\/\/mudvii.shop\/lt\/wp-json\/wp\/v2\/product_cat?post=42822"},{"taxonomy":"product_tag","embeddable":true,"href":"https:\/\/mudvii.shop\/lt\/wp-json\/wp\/v2\/product_tag?post=42822"},{"taxonomy":"giftcard-category","embeddable":true,"href":"https:\/\/mudvii.shop\/lt\/wp-json\/wp\/v2\/giftcard-category?post=42822"}],"curies":[{"name":"wp","href":"https:\/\/api.w.org\/{rel}","templated":true}]}}