{"id":42830,"date":"2025-03-12T11:10:14","date_gmt":"2025-03-12T09:10:14","guid":{"rendered":"https:\/\/mudvii.shop\/?post_type=product&#038;p=42830"},"modified":"2025-12-09T09:06:01","modified_gmt":"2025-12-09T07:06:01","slug":"animal-print-satin-skirt","status":"publish","type":"product","link":"https:\/\/mudvii.shop\/lt\/produktas\/animal-print-satin-skirt\/","title":{"rendered":"SKIRT &#8216;COURAGE&#8217;"},"content":{"rendered":"<p>Dydis | Moteris modelis d\u0117vi S dyd\u012f. Modelio \u016bgis 172 cm<\/p>\n<p>Sud\u0117tis: 100% viskoz\u0117<\/p>\n<p>Prie\u017ei\u016bra: Skalbti ne auk\u0161tesn\u0117je nei 40 laipsni\u0173 temperat\u016broje. Nenaudoti d\u017eiovykl\u0117s.<\/p>","protected":false},"excerpt":{"rendered":"<p><strong>Produkto apra\u0161ymas:\u00a0<\/strong><\/p>\n<ul>\n<li>Ilgas gyv\u016bno ra\u0161to sijonas<\/li>\n<li>Itin malonus ir prie k\u016bno idealiai glundantis audinys<\/li>\n<li>U\u017etrauktukas \u0161one<\/li>\n<li>Puikiai dera su nauj\u0105j\u0105 klasikine kolekcija, taip pat idealiai tinka prie MUDVII laisvalaikio kolekcijos<\/li>\n<li>Pagaminta Lietuvoje.<\/li>\n<\/ul>","protected":false},"featured_media":42747,"comment_status":"open","ping_status":"closed","template":"","meta":[],"product_brand":[],"product_cat":[279,310,535,291,423,333],"product_tag":[460],"giftcard-category":[],"class_list":{"0":"post-42830","1":"product","2":"type-product","3":"status-publish","4":"has-post-thumbnail","6":"product_cat-all-products","7":"product_cat-classic-collection","8":"product_cat-gift-guide","9":"product_cat-new-collection","10":"product_cat-sale","11":"product_cat-skirts","12":"product_tag-satin-skirt","14":"first","15":"instock","16":"sale","17":"taxable","18":"shipping-taxable","19":"purchasable","20":"product-type-variable"},"supplier_id":null,"supplier_sku":"","atum_controlled":true,"out_stock_date":null,"out_stock_threshold":null,"inheritable":true,"inbound_stock":0,"stock_on_hold":0,"sold_today":0,"sales_last_days":0,"reserved_stock":0,"customer_returns":0,"warehouse_damage":null,"lost_in_post":null,"other_logs":null,"out_stock_days":0,"lost_sales":0,"has_location":false,"update_date":"2026-04-10T06:42:40","atum_locations":[],"atum_stock_status":"instock","restock_status":false,"low_stock_amount":"","sales_update_date":"2026-04-10T06:42:40","calc_backorders":null,"jetpack_sharing_enabled":true,"_links":{"self":[{"href":"https:\/\/mudvii.shop\/lt\/wp-json\/wp\/v2\/product\/42830","targetHints":{"allow":["GET"]}}],"collection":[{"href":"https:\/\/mudvii.shop\/lt\/wp-json\/wp\/v2\/product"}],"about":[{"href":"https:\/\/mudvii.shop\/lt\/wp-json\/wp\/v2\/types\/product"}],"replies":[{"embeddable":true,"href":"https:\/\/mudvii.shop\/lt\/wp-json\/wp\/v2\/comments?post=42830"}],"version-history":[{"count":3,"href":"https:\/\/mudvii.shop\/lt\/wp-json\/wp\/v2\/product\/42830\/revisions"}],"predecessor-version":[{"id":44959,"href":"https:\/\/mudvii.shop\/lt\/wp-json\/wp\/v2\/product\/42830\/revisions\/44959"}],"wp:featuredmedia":[{"embeddable":true,"href":"https:\/\/mudvii.shop\/lt\/wp-json\/wp\/v2\/media\/42747"}],"wp:attachment":[{"href":"https:\/\/mudvii.shop\/lt\/wp-json\/wp\/v2\/media?parent=42830"}],"wp:term":[{"taxonomy":"product_brand","embeddable":true,"href":"https:\/\/mudvii.shop\/lt\/wp-json\/wp\/v2\/product_brand?post=42830"},{"taxonomy":"product_cat","embeddable":true,"href":"https:\/\/mudvii.shop\/lt\/wp-json\/wp\/v2\/product_cat?post=42830"},{"taxonomy":"product_tag","embeddable":true,"href":"https:\/\/mudvii.shop\/lt\/wp-json\/wp\/v2\/product_tag?post=42830"},{"taxonomy":"giftcard-category","embeddable":true,"href":"https:\/\/mudvii.shop\/lt\/wp-json\/wp\/v2\/giftcard-category?post=42830"}],"curies":[{"name":"wp","href":"https:\/\/api.w.org\/{rel}","templated":true}]}}