{"id":42845,"date":"2025-03-12T11:12:07","date_gmt":"2025-03-12T09:12:07","guid":{"rendered":"https:\/\/mudvii.shop\/?post_type=product&#038;p=42845"},"modified":"2025-12-22T11:04:13","modified_gmt":"2025-12-22T09:04:13","slug":"classic-shirt-blue","status":"publish","type":"product","link":"https:\/\/mudvii.shop\/lt\/produktas\/classic-shirt-blue\/","title":{"rendered":"MAR\u0160KINIAI \u201eAMBITION\u201c | M\u0117lyna"},"content":{"rendered":"<p>Modelis d\u0117vi S\/M dyd\u012f. Modelio \u016bgis 172cm<\/p>\n<p>Sud\u0117tis: 100% medviln\u0117<\/p>\n<p>Prie\u017ei\u016bra: skalbti ne auk\u0161tesn\u0117je nei 30 laipsni\u0173 temperat\u016broje. Naudoti tik \u0161velnius skalbiklius be baliklio. Audinys yra neglam\u017eus bei lengvai pri\u017ei\u016brimas. Tod\u0117l idealu b\u016bt\u0173 d\u017eiovinti tiesiog pakabinus ant pakabos po skalbimo.<\/p>","protected":false},"excerpt":{"rendered":"<p><strong>Produkto apra\u0161ymas:<\/strong><\/p>\n<ul>\n<li>Didinto kirpimo klasikiniai mar\u0161kiniai<\/li>\n<li>Turi i\u0161skirtin\u0119 metalin\u0119 sag\u0105 ant rankov\u0117s<\/li>\n<li>Pasleptos visos sagos sukuria \u0161var\u0173 bei minimalistin\u012f \u012fvaizd\u012f<\/li>\n<li>Pagaminta Lietuvoje.<\/li>\n<\/ul>","protected":false},"featured_media":42766,"comment_status":"open","ping_status":"closed","template":"","meta":[],"product_brand":[],"product_cat":[279,310,291,421],"product_tag":[466],"giftcard-category":[],"class_list":{"0":"post-42845","1":"product","2":"type-product","3":"status-publish","4":"has-post-thumbnail","6":"product_cat-all-products","7":"product_cat-classic-collection","8":"product_cat-new-collection","9":"product_cat-tops","10":"product_tag-classic-shirt","12":"first","13":"instock","14":"taxable","15":"shipping-taxable","16":"purchasable","17":"product-type-variable"},"supplier_id":null,"supplier_sku":"","atum_controlled":true,"out_stock_date":null,"out_stock_threshold":null,"inheritable":true,"inbound_stock":0,"stock_on_hold":0,"sold_today":0,"sales_last_days":0,"reserved_stock":0,"customer_returns":0,"warehouse_damage":null,"lost_in_post":null,"other_logs":null,"out_stock_days":0,"lost_sales":0,"has_location":false,"update_date":"2026-04-10T06:42:42","atum_locations":[],"atum_stock_status":"instock","restock_status":false,"low_stock_amount":"","sales_update_date":"2026-04-10T06:42:42","calc_backorders":null,"jetpack_sharing_enabled":true,"_links":{"self":[{"href":"https:\/\/mudvii.shop\/lt\/wp-json\/wp\/v2\/product\/42845","targetHints":{"allow":["GET"]}}],"collection":[{"href":"https:\/\/mudvii.shop\/lt\/wp-json\/wp\/v2\/product"}],"about":[{"href":"https:\/\/mudvii.shop\/lt\/wp-json\/wp\/v2\/types\/product"}],"replies":[{"embeddable":true,"href":"https:\/\/mudvii.shop\/lt\/wp-json\/wp\/v2\/comments?post=42845"}],"version-history":[{"count":3,"href":"https:\/\/mudvii.shop\/lt\/wp-json\/wp\/v2\/product\/42845\/revisions"}],"predecessor-version":[{"id":44951,"href":"https:\/\/mudvii.shop\/lt\/wp-json\/wp\/v2\/product\/42845\/revisions\/44951"}],"wp:featuredmedia":[{"embeddable":true,"href":"https:\/\/mudvii.shop\/lt\/wp-json\/wp\/v2\/media\/42766"}],"wp:attachment":[{"href":"https:\/\/mudvii.shop\/lt\/wp-json\/wp\/v2\/media?parent=42845"}],"wp:term":[{"taxonomy":"product_brand","embeddable":true,"href":"https:\/\/mudvii.shop\/lt\/wp-json\/wp\/v2\/product_brand?post=42845"},{"taxonomy":"product_cat","embeddable":true,"href":"https:\/\/mudvii.shop\/lt\/wp-json\/wp\/v2\/product_cat?post=42845"},{"taxonomy":"product_tag","embeddable":true,"href":"https:\/\/mudvii.shop\/lt\/wp-json\/wp\/v2\/product_tag?post=42845"},{"taxonomy":"giftcard-category","embeddable":true,"href":"https:\/\/mudvii.shop\/lt\/wp-json\/wp\/v2\/giftcard-category?post=42845"}],"curies":[{"name":"wp","href":"https:\/\/api.w.org\/{rel}","templated":true}]}}