{"id":42859,"date":"2025-03-12T11:12:03","date_gmt":"2025-03-12T09:12:03","guid":{"rendered":"https:\/\/mudvii.shop\/?post_type=product&#038;p=42859"},"modified":"2025-12-09T13:30:27","modified_gmt":"2025-12-09T11:30:27","slug":"tank-top-grey","status":"publish","type":"product","link":"https:\/\/mudvii.shop\/lt\/produktas\/tank-top-grey\/","title":{"rendered":"TANK TOP &#8216;TRUST&#8217; | Grey"},"content":{"rendered":"<p>Modelis d\u0117vi S-M dyd\u012f. Modelio \u016bgis 172 cm<\/p>\n<p>Sud\u0117tis: 49% bambukas, 48% medviln\u0117, 3% elastanas.<\/p>\n<p>Prie\u017ei\u016bra: Skalbti ne auk\u0161tesn\u0117je kaip 30C temperat\u016broje. Nebalinkite ir ned\u017eiovinkite d\u017eiovykl\u0117je. D\u017eiovinkite i\u0161tiesus.<\/p>","protected":false},"excerpt":{"rendered":"<p><strong>Produkto apra\u0161ymas:<\/strong><\/p>\n<ul>\n<li>Idealiai priglundantys ir gerai i\u0161formuoti mar\u0161kin\u0117liai<\/li>\n<li>Pagaminti i\u0161 tampraus medviln\u0117s bei bambuko audinio<\/li>\n<li>Standus ir tvirtas audinys suteikia dar prabangesn\u012f \u012fvaizd\u012f<\/li>\n<li>Galima dev\u0117ti tiek su laisvalaikio tiek su klasikine kolekcija<\/li>\n<li>Pagaminta Lietuvoje.<\/li>\n<\/ul>","protected":false},"featured_media":42722,"comment_status":"open","ping_status":"closed","template":"","meta":[],"product_brand":[],"product_cat":[279,291,321,421],"product_tag":[463],"giftcard-category":[],"class_list":{"0":"post-42859","1":"product","2":"type-product","3":"status-publish","4":"has-post-thumbnail","6":"product_cat-all-products","7":"product_cat-new-collection","8":"product_cat-t-shirts","9":"product_cat-tops","10":"product_tag-tank-top","12":"first","13":"instock","14":"taxable","15":"shipping-taxable","16":"purchasable","17":"product-type-variable"},"supplier_id":null,"supplier_sku":"","atum_controlled":true,"out_stock_date":null,"out_stock_threshold":null,"inheritable":true,"inbound_stock":0,"stock_on_hold":0,"sold_today":0,"sales_last_days":0,"reserved_stock":0,"customer_returns":0,"warehouse_damage":null,"lost_in_post":null,"other_logs":null,"out_stock_days":0,"lost_sales":0,"has_location":false,"update_date":"2026-04-10T06:42:31","atum_locations":[],"atum_stock_status":"instock","restock_status":false,"low_stock_amount":"","sales_update_date":"2026-04-10T06:42:31","calc_backorders":null,"jetpack_sharing_enabled":true,"_links":{"self":[{"href":"https:\/\/mudvii.shop\/lt\/wp-json\/wp\/v2\/product\/42859","targetHints":{"allow":["GET"]}}],"collection":[{"href":"https:\/\/mudvii.shop\/lt\/wp-json\/wp\/v2\/product"}],"about":[{"href":"https:\/\/mudvii.shop\/lt\/wp-json\/wp\/v2\/types\/product"}],"replies":[{"embeddable":true,"href":"https:\/\/mudvii.shop\/lt\/wp-json\/wp\/v2\/comments?post=42859"}],"version-history":[{"count":2,"href":"https:\/\/mudvii.shop\/lt\/wp-json\/wp\/v2\/product\/42859\/revisions"}],"predecessor-version":[{"id":44953,"href":"https:\/\/mudvii.shop\/lt\/wp-json\/wp\/v2\/product\/42859\/revisions\/44953"}],"wp:featuredmedia":[{"embeddable":true,"href":"https:\/\/mudvii.shop\/lt\/wp-json\/wp\/v2\/media\/42722"}],"wp:attachment":[{"href":"https:\/\/mudvii.shop\/lt\/wp-json\/wp\/v2\/media?parent=42859"}],"wp:term":[{"taxonomy":"product_brand","embeddable":true,"href":"https:\/\/mudvii.shop\/lt\/wp-json\/wp\/v2\/product_brand?post=42859"},{"taxonomy":"product_cat","embeddable":true,"href":"https:\/\/mudvii.shop\/lt\/wp-json\/wp\/v2\/product_cat?post=42859"},{"taxonomy":"product_tag","embeddable":true,"href":"https:\/\/mudvii.shop\/lt\/wp-json\/wp\/v2\/product_tag?post=42859"},{"taxonomy":"giftcard-category","embeddable":true,"href":"https:\/\/mudvii.shop\/lt\/wp-json\/wp\/v2\/giftcard-category?post=42859"}],"curies":[{"name":"wp","href":"https:\/\/api.w.org\/{rel}","templated":true}]}}