{"id":42863,"date":"2025-03-12T10:00:49","date_gmt":"2025-03-12T08:00:49","guid":{"rendered":"https:\/\/mudvii.shop\/?post_type=product&#038;p=42863"},"modified":"2025-12-09T09:06:16","modified_gmt":"2025-12-09T07:06:16","slug":"silk-scrunchies","status":"publish","type":"product","link":"https:\/\/mudvii.shop\/lt\/produktas\/silk-scrunchies\/","title":{"rendered":"\u0160ILKIN\u0116S GUMEL\u0116S \"SUPPORT\""},"content":{"rendered":"<p>Sud\u0117tis: 100% \u0161ilkas, i\u0161skyrus gyv\u016bno ra\u0161to gumel\u0117, kuri yra i\u0161 100% viskoz\u0117s<\/p>\n<p>Prie\u017ei\u016bra: plauti rankomis, d\u017eiovinti i\u0161tiesus ant lygaus pavir\u0161iaus<\/p>","protected":false},"excerpt":{"rendered":"<p><strong>Produkto apra\u0161ymas:<\/strong><\/p>\n<ul>\n<li>100% \u0161ilko rank\u0173 darbo gumel\u0117s. I\u0161skyrus gyv\u016bno ra\u0161to, kuri yra i\u0161 100% viskoz\u0117s<\/li>\n<li>Puikiai dera prie laisvalaikio bei klasikin\u0117s kolekcijos<\/li>\n<li>Tamprios gumel\u0117s laiko plaukus pakankamai tvirtai, ta\u010diau be jokios \u017ealos j\u016bs\u0173 plaukams<\/li>\n<li>Pagaminta rankomis Lietuvoje<\/li>\n<\/ul>","protected":false},"featured_media":42749,"comment_status":"open","ping_status":"closed","template":"","meta":[],"product_brand":[],"product_cat":[279,535,291,457],"product_tag":[],"giftcard-category":[],"class_list":{"0":"post-42863","1":"product","2":"type-product","3":"status-publish","4":"has-post-thumbnail","6":"product_cat-all-products","7":"product_cat-gift-guide","8":"product_cat-new-collection","9":"product_cat-scrunchies","11":"first","12":"instock","13":"taxable","14":"shipping-taxable","15":"purchasable","16":"product-type-variable"},"supplier_id":null,"supplier_sku":"","atum_controlled":true,"out_stock_date":null,"out_stock_threshold":null,"inheritable":true,"inbound_stock":0,"stock_on_hold":0,"sold_today":0,"sales_last_days":0,"reserved_stock":0,"customer_returns":0,"warehouse_damage":null,"lost_in_post":null,"other_logs":null,"out_stock_days":0,"lost_sales":0,"has_location":false,"update_date":"2026-04-10T06:42:41","atum_locations":[],"atum_stock_status":"instock","restock_status":false,"low_stock_amount":"","sales_update_date":"2026-04-10T06:42:41","calc_backorders":null,"jetpack_sharing_enabled":true,"_links":{"self":[{"href":"https:\/\/mudvii.shop\/lt\/wp-json\/wp\/v2\/product\/42863","targetHints":{"allow":["GET"]}}],"collection":[{"href":"https:\/\/mudvii.shop\/lt\/wp-json\/wp\/v2\/product"}],"about":[{"href":"https:\/\/mudvii.shop\/lt\/wp-json\/wp\/v2\/types\/product"}],"replies":[{"embeddable":true,"href":"https:\/\/mudvii.shop\/lt\/wp-json\/wp\/v2\/comments?post=42863"}],"version-history":[{"count":2,"href":"https:\/\/mudvii.shop\/lt\/wp-json\/wp\/v2\/product\/42863\/revisions"}],"predecessor-version":[{"id":44966,"href":"https:\/\/mudvii.shop\/lt\/wp-json\/wp\/v2\/product\/42863\/revisions\/44966"}],"wp:featuredmedia":[{"embeddable":true,"href":"https:\/\/mudvii.shop\/lt\/wp-json\/wp\/v2\/media\/42749"}],"wp:attachment":[{"href":"https:\/\/mudvii.shop\/lt\/wp-json\/wp\/v2\/media?parent=42863"}],"wp:term":[{"taxonomy":"product_brand","embeddable":true,"href":"https:\/\/mudvii.shop\/lt\/wp-json\/wp\/v2\/product_brand?post=42863"},{"taxonomy":"product_cat","embeddable":true,"href":"https:\/\/mudvii.shop\/lt\/wp-json\/wp\/v2\/product_cat?post=42863"},{"taxonomy":"product_tag","embeddable":true,"href":"https:\/\/mudvii.shop\/lt\/wp-json\/wp\/v2\/product_tag?post=42863"},{"taxonomy":"giftcard-category","embeddable":true,"href":"https:\/\/mudvii.shop\/lt\/wp-json\/wp\/v2\/giftcard-category?post=42863"}],"curies":[{"name":"wp","href":"https:\/\/api.w.org\/{rel}","templated":true}]}}