{"id":44494,"date":"2025-05-15T10:00:44","date_gmt":"2025-05-15T07:00:44","guid":{"rendered":"https:\/\/mudvii.shop\/?post_type=product&#038;p=44494"},"modified":"2025-11-30T22:30:20","modified_gmt":"2025-11-30T20:30:20","slug":"cap-nyc-lover","status":"publish","type":"product","link":"https:\/\/mudvii.shop\/lt\/produktas\/cap-nyc-lover\/","title":{"rendered":"Kepur\u0117 su snapeliu \"NYC Lover\""},"content":{"rendered":"","protected":false},"excerpt":{"rendered":"<div><strong>\u0160i kolekcija buvo sukurta bendradarbiaujant su unikalios sielos savininke, fotografe bei ra\u0161ytoja Edita Nyork.<\/strong><\/div>\n<div>\n<p>&nbsp;<\/p>\n<p>Da\u017enai \u017emon\u0117s nustemba, kad a\u0161, tur\u0117dama stipr\u0173 ry\u0161\u012f su j\u016bra ir gamtoje rasdama visus atsakymus, galiu taip \u017eav\u0117tis, myl\u0117ti ir eiti i\u0161 proto d\u0117l tokio triuk\u0161mingo miesto kaip Niujorkas!<\/p>\n<p>Tiesa ta, kad mano \u0161irdis jau seniai priklauso Niujorkui \u2013 daug seniau nei \u012f mano gyvenim\u0105 atbangavo j\u016bra. \u0160ios dvi, atrodyt\u0173, visi\u0161kai nesuderinamos energijos tobulai atspindi mano siel\u0105, b\u016bd\u0105, gyvenimo siekius ir tai, kokia a\u0161 esu.\nJ\u016bra mane \u012fkvepia ir moko, o Niujorkas primena, kokios didel\u0117s yra mano svajon\u0117s, gimusios i\u0161 k\u016brybos.\n\nIroni\u0161ka, bet net \u0161i kolekcija mano mintyse u\u017egim\u0117 ankstyv\u0105 ryt\u0105 vaik\u0161tant prie j\u016bros, kai buvau k\u0105 tik gr\u012f\u017eusi i\u0161 Niujorko.<\/p>\n<\/div>\n<div><\/div>\n<p><strong>Produkto apra\u0161ymas:<\/strong><\/p>\n<ul>\n<li>Unisex kepur\u0117 su snapeliu.<\/li>\n<li>Sendinto\/trinto audinio i\u0161 100% medviln\u0117s.<\/li>\n<li>I\u0161siuvin\u0117tas logotipas<\/li>\n<li>Reguliuojamas dydis su dir\u017eeliu<\/li>\n<li>Pagaminta Lietuvoje.<\/li>\n<\/ul>","protected":false},"featured_media":44463,"comment_status":"open","ping_status":"closed","template":"","meta":[],"product_brand":[],"product_cat":[279,286,291],"product_tag":[287],"giftcard-category":[],"class_list":{"0":"post-44494","1":"product","2":"type-product","3":"status-publish","4":"has-post-thumbnail","6":"product_cat-all-products","7":"product_cat-caps","8":"product_cat-new-collection","9":"product_tag-accessories","11":"first","12":"instock","13":"taxable","14":"shipping-taxable","15":"purchasable","16":"product-type-simple"},"supplier_id":null,"supplier_sku":"","atum_controlled":true,"out_stock_date":null,"out_stock_threshold":null,"inheritable":false,"inbound_stock":0,"stock_on_hold":0,"sold_today":0,"sales_last_days":0,"reserved_stock":0,"customer_returns":0,"warehouse_damage":null,"lost_in_post":null,"other_logs":null,"out_stock_days":0,"lost_sales":0,"has_location":false,"update_date":"2026-04-10T06:42:41","atum_locations":[],"atum_stock_status":"instock","restock_status":false,"low_stock_amount":"","sales_update_date":"2026-04-10T06:42:41","calc_backorders":null,"jetpack_sharing_enabled":true,"_links":{"self":[{"href":"https:\/\/mudvii.shop\/lt\/wp-json\/wp\/v2\/product\/44494","targetHints":{"allow":["GET"]}}],"collection":[{"href":"https:\/\/mudvii.shop\/lt\/wp-json\/wp\/v2\/product"}],"about":[{"href":"https:\/\/mudvii.shop\/lt\/wp-json\/wp\/v2\/types\/product"}],"replies":[{"embeddable":true,"href":"https:\/\/mudvii.shop\/lt\/wp-json\/wp\/v2\/comments?post=44494"}],"version-history":[{"count":2,"href":"https:\/\/mudvii.shop\/lt\/wp-json\/wp\/v2\/product\/44494\/revisions"}],"predecessor-version":[{"id":44502,"href":"https:\/\/mudvii.shop\/lt\/wp-json\/wp\/v2\/product\/44494\/revisions\/44502"}],"wp:featuredmedia":[{"embeddable":true,"href":"https:\/\/mudvii.shop\/lt\/wp-json\/wp\/v2\/media\/44463"}],"wp:attachment":[{"href":"https:\/\/mudvii.shop\/lt\/wp-json\/wp\/v2\/media?parent=44494"}],"wp:term":[{"taxonomy":"product_brand","embeddable":true,"href":"https:\/\/mudvii.shop\/lt\/wp-json\/wp\/v2\/product_brand?post=44494"},{"taxonomy":"product_cat","embeddable":true,"href":"https:\/\/mudvii.shop\/lt\/wp-json\/wp\/v2\/product_cat?post=44494"},{"taxonomy":"product_tag","embeddable":true,"href":"https:\/\/mudvii.shop\/lt\/wp-json\/wp\/v2\/product_tag?post=44494"},{"taxonomy":"giftcard-category","embeddable":true,"href":"https:\/\/mudvii.shop\/lt\/wp-json\/wp\/v2\/giftcard-category?post=44494"}],"curies":[{"name":"wp","href":"https:\/\/api.w.org\/{rel}","templated":true}]}}