{"id":45161,"date":"2025-06-10T13:50:12","date_gmt":"2025-06-10T10:50:12","guid":{"rendered":"https:\/\/mudvii.shop\/?post_type=product&#038;p=45161"},"modified":"2025-12-09T09:04:59","modified_gmt":"2025-12-09T07:04:59","slug":"hoodie-gratitude","status":"publish","type":"product","link":"https:\/\/mudvii.shop\/lt\/produktas\/hoodie-gratitude\/","title":{"rendered":"D\u017dEMPERIS SU KAPI\u0160ONU \u201eGRATITUDE\u201c"},"content":{"rendered":"<p>Modelio \u016bgis 168 cm<\/p>\n<p>Sud\u0117tis: 80% medviln\u0117, 20% poliesteris<\/p>\n<p>Care: Wash at 30 degrees or less with soft cleaner.<\/p>","protected":false},"excerpt":{"rendered":"<p><strong>Produkto apra\u0161ymas:<\/strong><\/p>\n<div>\n<ul>\n<li>Oversized d\u017eemperis su kapi\u0161onu.<\/li>\n<li>Logotipo siuvin\u0117jimas priekyje ir ant rankov\u0117s. Ilgaam\u017eis ir laikui nepavaldus sprendimas.<\/li>\n<li>Ant nugaros yra printas su dalykais, u\u017e kuriuos galite b\u016bti d\u0117kingi<\/li>\n<li>Audinys be p\u016bkelio<\/li>\n<li>\u0160is d\u017eemperis yra vieno dyd\u017eio. Jis atitinka L\/XL dyd\u017eio i\u0161matavimus.<\/li>\n<li>Visi m\u016bs\u0173 produktai yra rank\u0173 darbo bei pagaminti Lietuvoje.<\/li>\n<\/ul>\n<\/div>","protected":false},"featured_media":45312,"comment_status":"open","ping_status":"closed","template":"","meta":[],"product_brand":[],"product_cat":[279,281,535,278,352,291,423,344],"product_tag":[446],"giftcard-category":[],"class_list":{"0":"post-45161","1":"product","2":"type-product","3":"status-publish","4":"has-post-thumbnail","6":"product_cat-all-products","7":"product_cat-french-terry-sweatshirts","8":"product_cat-gift-guide","9":"product_cat-leisurewear","10":"product_cat-subscriber-news","11":"product_cat-new-collection","12":"product_cat-sale","13":"product_cat-your-favorites","14":"product_tag-sweatshirts-self-love-be-kind","16":"first","17":"instock","18":"sale","19":"taxable","20":"shipping-taxable","21":"purchasable","22":"product-type-variable"},"supplier_id":null,"supplier_sku":"","atum_controlled":true,"out_stock_date":null,"out_stock_threshold":null,"inheritable":true,"inbound_stock":0,"stock_on_hold":0,"sold_today":0,"sales_last_days":0,"reserved_stock":0,"customer_returns":0,"warehouse_damage":null,"lost_in_post":null,"other_logs":null,"out_stock_days":0,"lost_sales":0,"has_location":false,"update_date":"2026-04-10T06:42:42","atum_locations":[],"atum_stock_status":"instock","restock_status":false,"low_stock_amount":"","sales_update_date":"2026-04-10T06:42:42","calc_backorders":null,"jetpack_sharing_enabled":true,"_links":{"self":[{"href":"https:\/\/mudvii.shop\/lt\/wp-json\/wp\/v2\/product\/45161","targetHints":{"allow":["GET"]}}],"collection":[{"href":"https:\/\/mudvii.shop\/lt\/wp-json\/wp\/v2\/product"}],"about":[{"href":"https:\/\/mudvii.shop\/lt\/wp-json\/wp\/v2\/types\/product"}],"replies":[{"embeddable":true,"href":"https:\/\/mudvii.shop\/lt\/wp-json\/wp\/v2\/comments?post=45161"}],"version-history":[{"count":2,"href":"https:\/\/mudvii.shop\/lt\/wp-json\/wp\/v2\/product\/45161\/revisions"}],"predecessor-version":[{"id":45169,"href":"https:\/\/mudvii.shop\/lt\/wp-json\/wp\/v2\/product\/45161\/revisions\/45169"}],"wp:featuredmedia":[{"embeddable":true,"href":"https:\/\/mudvii.shop\/lt\/wp-json\/wp\/v2\/media\/45312"}],"wp:attachment":[{"href":"https:\/\/mudvii.shop\/lt\/wp-json\/wp\/v2\/media?parent=45161"}],"wp:term":[{"taxonomy":"product_brand","embeddable":true,"href":"https:\/\/mudvii.shop\/lt\/wp-json\/wp\/v2\/product_brand?post=45161"},{"taxonomy":"product_cat","embeddable":true,"href":"https:\/\/mudvii.shop\/lt\/wp-json\/wp\/v2\/product_cat?post=45161"},{"taxonomy":"product_tag","embeddable":true,"href":"https:\/\/mudvii.shop\/lt\/wp-json\/wp\/v2\/product_tag?post=45161"},{"taxonomy":"giftcard-category","embeddable":true,"href":"https:\/\/mudvii.shop\/lt\/wp-json\/wp\/v2\/giftcard-category?post=45161"}],"curies":[{"name":"wp","href":"https:\/\/api.w.org\/{rel}","templated":true}]}}