{"id":45191,"date":"2025-06-13T09:38:29","date_gmt":"2025-06-13T06:38:29","guid":{"rendered":"https:\/\/mudvii.shop\/?post_type=product&#038;p=45191"},"modified":"2025-11-28T11:04:30","modified_gmt":"2025-11-28T09:04:30","slug":"linen-trousers-grace","status":"publish","type":"product","link":"https:\/\/mudvii.shop\/lt\/produktas\/linen-trousers-grace\/","title":{"rendered":"LININ\u0116S KELN\u0116S \"GRACE\""},"content":{"rendered":"<p>Model wears size XL, model height is 168cm<\/p>\n<p>Composition: 100% linen, lining 100% cotton.<\/p>\n<p>Care: wash at or below 30 degrees, do not bleach or tumble dry.<\/p>","protected":false},"excerpt":{"rendered":"<p><strong>Produkto apra\u0161ymas:\u00a0<\/strong><\/p>\n<ul>\n<li>Klasikinio stiliaus keln\u0117s<\/li>\n<li>Dizainas puikiai pailgina kojas ir pakelia vis\u0105 i\u0161vaizd\u0105 \u012f kit\u0105 lyg\u012f<\/li>\n<li>Dvi \u0161onin\u0117s ki\u0161en\u0117s<\/li>\n<li>Pagaminta i\u0161 100 % lino<\/li>\n<li>Pagaminta Lietuvoje.<\/li>\n<\/ul>","protected":false},"featured_media":45278,"comment_status":"open","ping_status":"closed","template":"","meta":[],"product_brand":[],"product_cat":[279,310,326,335,339,352,291,423],"product_tag":[509],"giftcard-category":[],"class_list":{"0":"post-45191","1":"product","2":"type-product","3":"status-publish","4":"has-post-thumbnail","6":"product_cat-all-products","7":"product_cat-classic-collection","8":"product_cat-high-waisted-trousers","9":"product_cat-linen-collection","10":"product_cat-linen-collection-trousers","11":"product_cat-subscriber-news","12":"product_cat-new-collection","13":"product_cat-sale","14":"product_tag-trousers-grace","16":"first","17":"instock","18":"sale","19":"taxable","20":"shipping-taxable","21":"purchasable","22":"product-type-variable"},"supplier_id":null,"supplier_sku":"","atum_controlled":true,"out_stock_date":null,"out_stock_threshold":null,"inheritable":true,"inbound_stock":0,"stock_on_hold":0,"sold_today":0,"sales_last_days":0,"reserved_stock":0,"customer_returns":0,"warehouse_damage":null,"lost_in_post":null,"other_logs":null,"out_stock_days":0,"lost_sales":0,"has_location":false,"update_date":"2026-04-10T06:42:38","atum_locations":[],"atum_stock_status":"instock","restock_status":false,"low_stock_amount":"","sales_update_date":"2026-04-10T06:42:38","calc_backorders":null,"jetpack_sharing_enabled":true,"_links":{"self":[{"href":"https:\/\/mudvii.shop\/lt\/wp-json\/wp\/v2\/product\/45191","targetHints":{"allow":["GET"]}}],"collection":[{"href":"https:\/\/mudvii.shop\/lt\/wp-json\/wp\/v2\/product"}],"about":[{"href":"https:\/\/mudvii.shop\/lt\/wp-json\/wp\/v2\/types\/product"}],"replies":[{"embeddable":true,"href":"https:\/\/mudvii.shop\/lt\/wp-json\/wp\/v2\/comments?post=45191"}],"version-history":[{"count":4,"href":"https:\/\/mudvii.shop\/lt\/wp-json\/wp\/v2\/product\/45191\/revisions"}],"predecessor-version":[{"id":46827,"href":"https:\/\/mudvii.shop\/lt\/wp-json\/wp\/v2\/product\/45191\/revisions\/46827"}],"wp:featuredmedia":[{"embeddable":true,"href":"https:\/\/mudvii.shop\/lt\/wp-json\/wp\/v2\/media\/45278"}],"wp:attachment":[{"href":"https:\/\/mudvii.shop\/lt\/wp-json\/wp\/v2\/media?parent=45191"}],"wp:term":[{"taxonomy":"product_brand","embeddable":true,"href":"https:\/\/mudvii.shop\/lt\/wp-json\/wp\/v2\/product_brand?post=45191"},{"taxonomy":"product_cat","embeddable":true,"href":"https:\/\/mudvii.shop\/lt\/wp-json\/wp\/v2\/product_cat?post=45191"},{"taxonomy":"product_tag","embeddable":true,"href":"https:\/\/mudvii.shop\/lt\/wp-json\/wp\/v2\/product_tag?post=45191"},{"taxonomy":"giftcard-category","embeddable":true,"href":"https:\/\/mudvii.shop\/lt\/wp-json\/wp\/v2\/giftcard-category?post=45191"}],"curies":[{"name":"wp","href":"https:\/\/api.w.org\/{rel}","templated":true}]}}