{"id":45255,"date":"2025-06-13T09:35:15","date_gmt":"2025-06-13T06:35:15","guid":{"rendered":"https:\/\/mudvii.shop\/?post_type=product&#038;p=45255"},"modified":"2025-12-03T11:26:56","modified_gmt":"2025-12-03T09:26:56","slug":"dress-flow-champagne","status":"publish","type":"product","link":"https:\/\/mudvii.shop\/lt\/produktas\/dress-flow-champagne\/","title":{"rendered":"SUKNEL\u0116 'FLOW' | \u0160AMPANIN\u0116"},"content":{"rendered":"<p>Model&#8217;s height is 170cm<\/p>\n<p>Sud\u0117tis: 100% viskoz\u0117<\/p>\n<p>Care: wash at or below 40 degrees, do not bleach, gentle dry clean, low heat dry. Iron at medium temperature.<\/p>","protected":false},"excerpt":{"rendered":"<p><strong>Produkto apra\u0161ymas:<\/strong><\/p>\n<ul>\n<li>Ilga 100% viskoz\u0117s suknel\u0117<\/li>\n<li>Itin malonus audinys, turi savyje \u0161iek tiek \u017e\u0117ru\u010dio<\/li>\n<li>V formos kaklo bei nugaros i\u0161kirpt\u0117<\/li>\n<li>Suteikite suknelei laisvalaikio stiliaus su MUDVII turimais d\u017eemperiais arba pasirnkite puo\u0161nius aksesuarus ir susikurkite eleganti\u0161k\u0105 bei \u0161ventin\u012f \u012fvaizd\u012f<\/li>\n<li>Pagaminta Lietuvoje.<\/li>\n<\/ul>","protected":false},"featured_media":45270,"comment_status":"open","ping_status":"closed","template":"","meta":[],"product_brand":[],"product_cat":[279,507,352,291,423],"product_tag":[508],"giftcard-category":[],"class_list":{"0":"post-45255","1":"product","2":"type-product","3":"status-publish","4":"has-post-thumbnail","6":"product_cat-all-products","7":"product_cat-dress","8":"product_cat-subscriber-news","9":"product_cat-new-collection","10":"product_cat-sale","11":"product_tag-dress-flow","13":"first","14":"instock","15":"sale","16":"taxable","17":"shipping-taxable","18":"purchasable","19":"product-type-variable"},"supplier_id":null,"supplier_sku":"","atum_controlled":true,"out_stock_date":null,"out_stock_threshold":null,"inheritable":true,"inbound_stock":0,"stock_on_hold":0,"sold_today":0,"sales_last_days":0,"reserved_stock":0,"customer_returns":0,"warehouse_damage":null,"lost_in_post":null,"other_logs":null,"out_stock_days":0,"lost_sales":0,"has_location":false,"update_date":"2026-04-10T06:42:38","atum_locations":[],"atum_stock_status":"instock","restock_status":false,"low_stock_amount":"","sales_update_date":"2026-04-10T06:42:38","calc_backorders":null,"jetpack_sharing_enabled":true,"_links":{"self":[{"href":"https:\/\/mudvii.shop\/lt\/wp-json\/wp\/v2\/product\/45255","targetHints":{"allow":["GET"]}}],"collection":[{"href":"https:\/\/mudvii.shop\/lt\/wp-json\/wp\/v2\/product"}],"about":[{"href":"https:\/\/mudvii.shop\/lt\/wp-json\/wp\/v2\/types\/product"}],"replies":[{"embeddable":true,"href":"https:\/\/mudvii.shop\/lt\/wp-json\/wp\/v2\/comments?post=45255"}],"version-history":[{"count":1,"href":"https:\/\/mudvii.shop\/lt\/wp-json\/wp\/v2\/product\/45255\/revisions"}],"predecessor-version":[{"id":45301,"href":"https:\/\/mudvii.shop\/lt\/wp-json\/wp\/v2\/product\/45255\/revisions\/45301"}],"wp:featuredmedia":[{"embeddable":true,"href":"https:\/\/mudvii.shop\/lt\/wp-json\/wp\/v2\/media\/45270"}],"wp:attachment":[{"href":"https:\/\/mudvii.shop\/lt\/wp-json\/wp\/v2\/media?parent=45255"}],"wp:term":[{"taxonomy":"product_brand","embeddable":true,"href":"https:\/\/mudvii.shop\/lt\/wp-json\/wp\/v2\/product_brand?post=45255"},{"taxonomy":"product_cat","embeddable":true,"href":"https:\/\/mudvii.shop\/lt\/wp-json\/wp\/v2\/product_cat?post=45255"},{"taxonomy":"product_tag","embeddable":true,"href":"https:\/\/mudvii.shop\/lt\/wp-json\/wp\/v2\/product_tag?post=45255"},{"taxonomy":"giftcard-category","embeddable":true,"href":"https:\/\/mudvii.shop\/lt\/wp-json\/wp\/v2\/giftcard-category?post=45255"}],"curies":[{"name":"wp","href":"https:\/\/api.w.org\/{rel}","templated":true}]}}