{"id":46961,"date":"2025-09-12T10:00:14","date_gmt":"2025-09-12T07:00:14","guid":{"rendered":"https:\/\/mudvii.shop\/?post_type=product&#038;p=46961"},"modified":"2025-12-05T11:04:47","modified_gmt":"2025-12-05T09:04:47","slug":"sweatpants-motion-taupe","status":"publish","type":"product","link":"https:\/\/mudvii.shop\/lt\/produktas\/sweatpants-motion-taupe\/","title":{"rendered":"SWEATPANTS &#8216;MOTION&#8217; | TAUPE"},"content":{"rendered":"<p>Dydis | Moteris modelis d\u0117vi S dyd\u012f. Modelio \u016bgis 172 cm<\/p>\n<p>Sud\u0117tis: 80% medviln\u0117, 20% poliesteris<\/p>\n<p>Prie\u017ei\u016bra \u2013 skalbti i\u0161vertus 30 laipsni\u0173 ar \u017eemesn\u0117je temperat\u016broje. Naudokite mink\u0161t\u0105 plovikl\u012f. Kietos chemin\u0117s med\u017eiagos gali i\u0161plauti spalv\u0105. Nenaudokite d\u017eiovykl\u0117je.<\/p>","protected":false},"excerpt":{"rendered":"<p><strong>Produkto apra\u0161ymas:<\/strong><\/p>\n<ul>\n<li>Tiesaus modelio keln\u0117s.<\/li>\n<li>Audinys be p\u016bkelio<\/li>\n<li>Audinys pagamintas pagal individual\u0173 u\u017esakym\u0105. Nupilinguotas ir silikonu padengtas audinys, tam, kad produktai kuo ilgiau i\u0161laikyt\u0173 pardavimin\u0119 i\u0161vaizd\u0105<\/li>\n<li>Dvi \u0161onin\u0117s ki\u0161en\u0117s<\/li>\n<li>Pagaminta Lietuvoje.<\/li>\n<\/ul>","protected":false},"featured_media":46955,"comment_status":"open","ping_status":"closed","template":"","meta":[],"product_brand":[],"product_cat":[279,322,278,291],"product_tag":[450],"giftcard-category":[],"class_list":{"0":"post-46961","1":"product","2":"type-product","3":"status-publish","4":"has-post-thumbnail","6":"product_cat-all-products","7":"product_cat-french-terry-sweatpants","8":"product_cat-leisurewear","9":"product_cat-new-collection","10":"product_tag-straight-sweatpants","12":"first","13":"instock","14":"taxable","15":"shipping-taxable","16":"purchasable","17":"product-type-variable"},"supplier_id":null,"supplier_sku":"","atum_controlled":true,"out_stock_date":null,"out_stock_threshold":null,"inheritable":true,"inbound_stock":0,"stock_on_hold":0,"sold_today":0,"sales_last_days":0,"reserved_stock":0,"customer_returns":0,"warehouse_damage":null,"lost_in_post":null,"other_logs":null,"out_stock_days":0,"lost_sales":0,"has_location":false,"update_date":"2026-04-10T06:42:37","atum_locations":[],"atum_stock_status":"instock","restock_status":false,"low_stock_amount":"","sales_update_date":"2026-04-10T06:42:37","calc_backorders":null,"jetpack_sharing_enabled":true,"_links":{"self":[{"href":"https:\/\/mudvii.shop\/lt\/wp-json\/wp\/v2\/product\/46961","targetHints":{"allow":["GET"]}}],"collection":[{"href":"https:\/\/mudvii.shop\/lt\/wp-json\/wp\/v2\/product"}],"about":[{"href":"https:\/\/mudvii.shop\/lt\/wp-json\/wp\/v2\/types\/product"}],"replies":[{"embeddable":true,"href":"https:\/\/mudvii.shop\/lt\/wp-json\/wp\/v2\/comments?post=46961"}],"version-history":[{"count":1,"href":"https:\/\/mudvii.shop\/lt\/wp-json\/wp\/v2\/product\/46961\/revisions"}],"predecessor-version":[{"id":46967,"href":"https:\/\/mudvii.shop\/lt\/wp-json\/wp\/v2\/product\/46961\/revisions\/46967"}],"wp:featuredmedia":[{"embeddable":true,"href":"https:\/\/mudvii.shop\/lt\/wp-json\/wp\/v2\/media\/46955"}],"wp:attachment":[{"href":"https:\/\/mudvii.shop\/lt\/wp-json\/wp\/v2\/media?parent=46961"}],"wp:term":[{"taxonomy":"product_brand","embeddable":true,"href":"https:\/\/mudvii.shop\/lt\/wp-json\/wp\/v2\/product_brand?post=46961"},{"taxonomy":"product_cat","embeddable":true,"href":"https:\/\/mudvii.shop\/lt\/wp-json\/wp\/v2\/product_cat?post=46961"},{"taxonomy":"product_tag","embeddable":true,"href":"https:\/\/mudvii.shop\/lt\/wp-json\/wp\/v2\/product_tag?post=46961"},{"taxonomy":"giftcard-category","embeddable":true,"href":"https:\/\/mudvii.shop\/lt\/wp-json\/wp\/v2\/giftcard-category?post=46961"}],"curies":[{"name":"wp","href":"https:\/\/api.w.org\/{rel}","templated":true}]}}