{"id":47263,"date":"2025-10-15T10:00:38","date_gmt":"2025-10-15T07:00:38","guid":{"rendered":"https:\/\/mudvii.shop\/?post_type=product&#038;p=47263"},"modified":"2025-11-07T16:07:06","modified_gmt":"2025-11-07T14:07:06","slug":"trench-coat-journey-camel","status":"publish","type":"product","link":"https:\/\/mudvii.shop\/lt\/produktas\/trench-coat-journey-camel\/","title":{"rendered":"Lietpaltis 'JOURNEY' | Camel"},"content":{"rendered":"<p>Modelis d\u0117vi S\/M dyd\u012f<\/p>\n<p>Modelio \u016bgis - 176cm<\/p>\n<p>Sud\u0117tis: 55% poliesteris \/ 45% medviln\u0117 | Pamu\u0161alas: 100% viskoz\u0117<\/p>\n<p>Prie\u017ei\u016bra: Skalbti ne auk\u0161tesn\u0117je nei 30 laipsni\u0173 temperat\u016broje, nenaudoti d\u017eiovykl\u0117s.<\/p>","protected":false},"excerpt":{"rendered":"<p><strong>Produkto apra\u0161ymas:<\/strong><\/p>\n<p data-start=\"165\" data-end=\"461\">Sukurtas moterims, vertinan\u010dioms elegancij\u0105 be pastang\u0173 ir kasdien\u012f funkcionalum\u0105. \u0160is lietpaltis \u2013 nepriekai\u0161tingas palydovas tarpsezoniniu periodu. Pagamintas i\u0161 vandeniui atsparaus audinio, kuris apsaugo nuo lietaus bei yra itin lengvai valomas bei pri\u017ei\u016brimas.\nReglano rankov\u0117s sukuria \u0161veln\u0173, balionin\u012f siluet\u0105, kuris tuo pat metu suteikia ir modernumo poj\u016bt\u012f, o ilgas universalus dir\u017eas leid\u017eia j\u012f d\u0117v\u0117ti dviem b\u016bdais \u2013 u\u017esegant sagtimi arba suri\u0161ant mazgu.<\/p>\n<ul>\n<li>Vandeniui atsparus audinys<\/li>\n<li>Unikalus ra\u0161to pamu\u0161alas<\/li>\n<li>Unikalios sagos su MUDVII logotipu<\/li>\n<\/ul>\n<div id=\"gtx-trans\" style=\"position: absolute; left: -5px; top: 33.3379px;\">\n<div class=\"gtx-trans-icon\"><\/div>\n<\/div>","protected":false},"featured_media":47346,"comment_status":"open","ping_status":"closed","template":"","meta":[],"product_brand":[],"product_cat":[279,319,291],"product_tag":[515],"giftcard-category":[],"class_list":{"0":"post-47263","1":"product","2":"type-product","3":"status-publish","4":"has-post-thumbnail","6":"product_cat-all-products","7":"product_cat-trench-coats","8":"product_cat-new-collection","9":"product_tag-trench-coat-journey","11":"first","12":"instock","13":"taxable","14":"shipping-taxable","15":"purchasable","16":"product-type-variable"},"supplier_id":null,"supplier_sku":"","atum_controlled":true,"out_stock_date":null,"out_stock_threshold":null,"inheritable":true,"inbound_stock":0,"stock_on_hold":0,"sold_today":0,"sales_last_days":0,"reserved_stock":0,"customer_returns":0,"warehouse_damage":null,"lost_in_post":null,"other_logs":null,"out_stock_days":0,"lost_sales":0,"has_location":false,"update_date":"2026-04-10T06:42:40","atum_locations":[],"atum_stock_status":"instock","restock_status":false,"low_stock_amount":"","sales_update_date":"2026-04-10T06:42:40","calc_backorders":null,"jetpack_sharing_enabled":true,"_links":{"self":[{"href":"https:\/\/mudvii.shop\/lt\/wp-json\/wp\/v2\/product\/47263","targetHints":{"allow":["GET"]}}],"collection":[{"href":"https:\/\/mudvii.shop\/lt\/wp-json\/wp\/v2\/product"}],"about":[{"href":"https:\/\/mudvii.shop\/lt\/wp-json\/wp\/v2\/types\/product"}],"replies":[{"embeddable":true,"href":"https:\/\/mudvii.shop\/lt\/wp-json\/wp\/v2\/comments?post=47263"}],"version-history":[{"count":4,"href":"https:\/\/mudvii.shop\/lt\/wp-json\/wp\/v2\/product\/47263\/revisions"}],"predecessor-version":[{"id":47376,"href":"https:\/\/mudvii.shop\/lt\/wp-json\/wp\/v2\/product\/47263\/revisions\/47376"}],"wp:featuredmedia":[{"embeddable":true,"href":"https:\/\/mudvii.shop\/lt\/wp-json\/wp\/v2\/media\/47346"}],"wp:attachment":[{"href":"https:\/\/mudvii.shop\/lt\/wp-json\/wp\/v2\/media?parent=47263"}],"wp:term":[{"taxonomy":"product_brand","embeddable":true,"href":"https:\/\/mudvii.shop\/lt\/wp-json\/wp\/v2\/product_brand?post=47263"},{"taxonomy":"product_cat","embeddable":true,"href":"https:\/\/mudvii.shop\/lt\/wp-json\/wp\/v2\/product_cat?post=47263"},{"taxonomy":"product_tag","embeddable":true,"href":"https:\/\/mudvii.shop\/lt\/wp-json\/wp\/v2\/product_tag?post=47263"},{"taxonomy":"giftcard-category","embeddable":true,"href":"https:\/\/mudvii.shop\/lt\/wp-json\/wp\/v2\/giftcard-category?post=47263"}],"curies":[{"name":"wp","href":"https:\/\/api.w.org\/{rel}","templated":true}]}}