{"id":47273,"date":"2025-10-15T10:00:23","date_gmt":"2025-10-15T07:00:23","guid":{"rendered":"https:\/\/mudvii.shop\/?post_type=product&#038;p=47273"},"modified":"2025-12-10T15:48:58","modified_gmt":"2025-12-10T13:48:58","slug":"polo-t-shirt-generosity-white","status":"publish","type":"product","link":"https:\/\/mudvii.shop\/lt\/produktas\/polo-t-shirt-generosity-white\/","title":{"rendered":"Polo mar\u0161kin\u0117liai 'GENEROSITY' | Balta"},"content":{"rendered":"<p>Modelis d\u0117vi dyd\u012f - ONESIZE<\/p>\n<p>Matmenys: Kr\u016btin\u0117 - 117cm \/ Pe\u010diai - 85cm \/ Rankovi\u0173 ilgis - 61cm \/ Ilgis - 64cm<\/p>\n<p>Modelio \u016bgis - 176cm<\/p>\n<p>Sud\u0117tis: 95% medviln\u0117 \/ 5% elastanas<\/p>\n<p>Prie\u017ei\u016bra: Skalbti ne auk\u0161tesn\u0117je nei 30 laipsni\u0173 temperat\u016broje, nenaudoti d\u017eiovykl\u0117s, d\u017eiovinti patiesus ar pakabinus ant pakabos.<\/p>","protected":false},"excerpt":{"rendered":"<p><strong>Produkto apra\u0161ymas:<\/strong><\/p>\n<p data-start=\"138\" data-end=\"387\">Mminimalizm\u0105 ir modern\u0173 dizain\u0105 apjungiantys laisvo kirpimo mar\u0161kin\u0117liai, kurie lengvai \u012fsilieja \u012f bet kur\u012f garderob\u0105. Jo laisvas siluetas tinka \u012fvairiems k\u016bno tipams, u\u017etikrindamas patogum\u0105 bei ilgaam\u017e\u012f dizain\u0105.<\/p>\n<p data-start=\"389\" data-end=\"711\">Platus rankovi\u0173 kirpimas suteikia \u0161iuolaiki\u0161kumo, o atlenkiamas apykakl\u0117s dizainas \u2013 klasikos ir elegancijos poj\u016bt\u012f.<br data-start=\"512\" data-end=\"515\" \/>Mar\u0161kin\u0117liai yra vieno dyd\u017eio. Universalus drabu\u017eis, sukurtas tam, kad b\u016bt\u0173 d\u0117vimas lengvai bei derinamas paprastai.<\/p>\n<ul>\n<li data-start=\"389\" data-end=\"711\">Pla\u010dios rankov\u0117s<\/li>\n<li data-start=\"389\" data-end=\"711\">Metalin\u0117s spaud\u0117s su MUDVII logotipu<\/li>\n<li data-start=\"389\" data-end=\"711\">Pagaminta Lietuvoje.<\/li>\n<\/ul>","protected":false},"featured_media":47340,"comment_status":"open","ping_status":"closed","template":"","meta":[],"product_brand":[],"product_cat":[279,291,421],"product_tag":[],"giftcard-category":[],"class_list":{"0":"post-47273","1":"product","2":"type-product","3":"status-publish","4":"has-post-thumbnail","6":"product_cat-all-products","7":"product_cat-new-collection","8":"product_cat-tops","10":"first","11":"instock","12":"taxable","13":"shipping-taxable","14":"purchasable","15":"product-type-variable"},"supplier_id":null,"supplier_sku":"","atum_controlled":true,"out_stock_date":null,"out_stock_threshold":null,"inheritable":true,"inbound_stock":0,"stock_on_hold":0,"sold_today":0,"sales_last_days":0,"reserved_stock":0,"customer_returns":0,"warehouse_damage":null,"lost_in_post":null,"other_logs":null,"out_stock_days":0,"lost_sales":0,"has_location":false,"update_date":"2026-04-10T06:42:40","atum_locations":[],"atum_stock_status":"instock","restock_status":false,"low_stock_amount":"","sales_update_date":"2026-04-10T06:42:40","calc_backorders":null,"jetpack_sharing_enabled":true,"_links":{"self":[{"href":"https:\/\/mudvii.shop\/lt\/wp-json\/wp\/v2\/product\/47273","targetHints":{"allow":["GET"]}}],"collection":[{"href":"https:\/\/mudvii.shop\/lt\/wp-json\/wp\/v2\/product"}],"about":[{"href":"https:\/\/mudvii.shop\/lt\/wp-json\/wp\/v2\/types\/product"}],"replies":[{"embeddable":true,"href":"https:\/\/mudvii.shop\/lt\/wp-json\/wp\/v2\/comments?post=47273"}],"version-history":[{"count":4,"href":"https:\/\/mudvii.shop\/lt\/wp-json\/wp\/v2\/product\/47273\/revisions"}],"predecessor-version":[{"id":47377,"href":"https:\/\/mudvii.shop\/lt\/wp-json\/wp\/v2\/product\/47273\/revisions\/47377"}],"wp:featuredmedia":[{"embeddable":true,"href":"https:\/\/mudvii.shop\/lt\/wp-json\/wp\/v2\/media\/47340"}],"wp:attachment":[{"href":"https:\/\/mudvii.shop\/lt\/wp-json\/wp\/v2\/media?parent=47273"}],"wp:term":[{"taxonomy":"product_brand","embeddable":true,"href":"https:\/\/mudvii.shop\/lt\/wp-json\/wp\/v2\/product_brand?post=47273"},{"taxonomy":"product_cat","embeddable":true,"href":"https:\/\/mudvii.shop\/lt\/wp-json\/wp\/v2\/product_cat?post=47273"},{"taxonomy":"product_tag","embeddable":true,"href":"https:\/\/mudvii.shop\/lt\/wp-json\/wp\/v2\/product_tag?post=47273"},{"taxonomy":"giftcard-category","embeddable":true,"href":"https:\/\/mudvii.shop\/lt\/wp-json\/wp\/v2\/giftcard-category?post=47273"}],"curies":[{"name":"wp","href":"https:\/\/api.w.org\/{rel}","templated":true}]}}