{"id":47276,"date":"2025-10-15T10:00:24","date_gmt":"2025-10-15T07:00:24","guid":{"rendered":"https:\/\/mudvii.shop\/?post_type=product&#038;p=47276"},"modified":"2025-12-10T13:14:37","modified_gmt":"2025-12-10T11:14:37","slug":"wool-jacket-passion","status":"publish","type":"product","link":"https:\/\/mudvii.shop\/lt\/produktas\/wool-jacket-passion\/","title":{"rendered":"Vilnos puspaltis 'PASSION'"},"content":{"rendered":"<p>Modelis d\u0117vi S\/M dyd\u012f<\/p>\n<p>Modelio \u016bgis - 176cm<\/p>\n<p>Sud\u0117tis: 100% vilna | Pamu\u0161alas: 100% viskoz\u0117<\/p>","protected":false},"excerpt":{"rendered":"<p data-start=\"167\" data-end=\"433\"><strong>Produkto apra\u0161ymas:\u00a0<\/strong><\/p>\n<p data-start=\"167\" data-end=\"433\">Pagamintas i\u0161 100% vilnos, \u0161is puspaltis i\u0161siskiria unikaliu, dvieiliu sag\u0173 dizainu ir padidintais pe\u010diais, sukurian\u010diais tvirt\u0105, i\u0161rai\u0161king\u0105 siluet\u0105.\nRy\u0161ki apykakl\u0117 bei grie\u017etos linijos spinduliuoja pasitik\u0117jim\u0105 bei modernum\u0105, o itin \u0161velnus audinys ir moteri\u0161ka, subtili spalva suteikia siluetui \u0161ilumos bei \u0161velnumo.\nPuikiai tinka sluoksniavimui \u2013 galima d\u0117v\u0117ti kaip \u0161vark\u0105 arba trump\u0105 palt\u0105, pritaikant prie \u012fvairi\u0173 oro s\u0105lyg\u0173.<\/p>\n<ul>\n<li data-start=\"435\" data-end=\"860\">Dvieilis sag\u0173 dizainas<\/li>\n<li data-start=\"435\" data-end=\"860\">100% vilna<\/li>\n<li data-start=\"435\" data-end=\"860\">Statyti didinti pe\u010diai<\/li>\n<li data-start=\"435\" data-end=\"860\">\u017dalsvos spalvos, unikalaus ra\u0161to pamu\u0161alas<\/li>\n<li data-start=\"435\" data-end=\"860\">Pagaminta Lietuvoje.<\/li>\n<\/ul>","protected":false},"featured_media":47330,"comment_status":"open","ping_status":"closed","template":"","meta":[],"product_brand":[],"product_cat":[279,312,310,319,535,291],"product_tag":[516],"giftcard-category":[],"class_list":{"0":"post-47276","1":"product","2":"type-product","3":"status-publish","4":"has-post-thumbnail","6":"product_cat-all-products","7":"product_cat-blazers","8":"product_cat-classic-collection","9":"product_cat-trench-coats","10":"product_cat-gift-guide","11":"product_cat-new-collection","12":"product_tag-wool-jacket-passion","14":"first","15":"instock","16":"taxable","17":"shipping-taxable","18":"purchasable","19":"product-type-variable"},"supplier_id":null,"supplier_sku":"","atum_controlled":true,"out_stock_date":null,"out_stock_threshold":null,"inheritable":true,"inbound_stock":0,"stock_on_hold":0,"sold_today":0,"sales_last_days":0,"reserved_stock":0,"customer_returns":0,"warehouse_damage":null,"lost_in_post":null,"other_logs":null,"out_stock_days":0,"lost_sales":0,"has_location":false,"update_date":"2026-04-10T06:42:40","atum_locations":[],"atum_stock_status":"instock","restock_status":false,"low_stock_amount":"","sales_update_date":"2026-04-10T06:42:40","calc_backorders":null,"jetpack_sharing_enabled":true,"_links":{"self":[{"href":"https:\/\/mudvii.shop\/lt\/wp-json\/wp\/v2\/product\/47276","targetHints":{"allow":["GET"]}}],"collection":[{"href":"https:\/\/mudvii.shop\/lt\/wp-json\/wp\/v2\/product"}],"about":[{"href":"https:\/\/mudvii.shop\/lt\/wp-json\/wp\/v2\/types\/product"}],"replies":[{"embeddable":true,"href":"https:\/\/mudvii.shop\/lt\/wp-json\/wp\/v2\/comments?post=47276"}],"version-history":[{"count":3,"href":"https:\/\/mudvii.shop\/lt\/wp-json\/wp\/v2\/product\/47276\/revisions"}],"predecessor-version":[{"id":47373,"href":"https:\/\/mudvii.shop\/lt\/wp-json\/wp\/v2\/product\/47276\/revisions\/47373"}],"wp:featuredmedia":[{"embeddable":true,"href":"https:\/\/mudvii.shop\/lt\/wp-json\/wp\/v2\/media\/47330"}],"wp:attachment":[{"href":"https:\/\/mudvii.shop\/lt\/wp-json\/wp\/v2\/media?parent=47276"}],"wp:term":[{"taxonomy":"product_brand","embeddable":true,"href":"https:\/\/mudvii.shop\/lt\/wp-json\/wp\/v2\/product_brand?post=47276"},{"taxonomy":"product_cat","embeddable":true,"href":"https:\/\/mudvii.shop\/lt\/wp-json\/wp\/v2\/product_cat?post=47276"},{"taxonomy":"product_tag","embeddable":true,"href":"https:\/\/mudvii.shop\/lt\/wp-json\/wp\/v2\/product_tag?post=47276"},{"taxonomy":"giftcard-category","embeddable":true,"href":"https:\/\/mudvii.shop\/lt\/wp-json\/wp\/v2\/giftcard-category?post=47276"}],"curies":[{"name":"wp","href":"https:\/\/api.w.org\/{rel}","templated":true}]}}