{"id":47280,"date":"2025-10-15T10:00:11","date_gmt":"2025-10-15T07:00:11","guid":{"rendered":"https:\/\/mudvii.shop\/?post_type=product&#038;p=47280"},"modified":"2025-12-12T12:36:35","modified_gmt":"2025-12-12T10:36:35","slug":"shirt-grounding","status":"publish","type":"product","link":"https:\/\/mudvii.shop\/lt\/produktas\/shirt-grounding\/","title":{"rendered":"Mar\u0161kiniai 'GROUNDING'"},"content":{"rendered":"<p>Modelis d\u0117vi S\/M dyd\u012f<\/p>\n<p>Modelio \u016bgis - 176cm<\/p>\n<p>Sud\u0117tis: 65%  poliesteris \/ 32% viskoz\u0117 \/ 3% elastanas<\/p>\n<p>Prie\u017ei\u016bra: Skalbti ne auk\u0161tesn\u0117je nei 30 laipsni\u0173 temperat\u016broje, nenaudoti d\u017eiovykl\u0117s.<\/p>","protected":false},"excerpt":{"rendered":"<p><strong>Produkto apra\u0161ymas:<\/strong><\/p>\n<p data-start=\"365\" data-end=\"604\">Klasikiniai ir ilgaam\u017eiai mar\u0161kiniai, sukurti J\u016bs\u0173 kasdieniam patogumui. \u0160ie laisvo kirpimo mar\u0161kiniai pasi\u017eymi itin \u0161velniu bei maloniu audiniu, kuris \u0161velniai priglunda prie k\u016bno.\nMetalin\u0117s sagos su prek\u0117s \u017eenklo logotipu ir viena kr\u016btin\u0117s ki\u0161en\u0117 suteikia subtili\u0173 detali\u0173 i\u0161skirtinumo.\nPuikiai tinka rudens sluoksniavimui \u2013 d\u0117vint ant lengv\u0173 mar\u0161kin\u0117li\u0173, palaidini\u0173 ar po \u0161varkais bei d\u017eemperiais.<\/p>\n<ul>\n<li data-start=\"606\" data-end=\"873\">Ki\u0161en\u0117 mar\u0161kini\u0173 priekyje<\/li>\n<li data-start=\"606\" data-end=\"873\">Metalin\u0117s spaud\u0117s su MUDVII logotipu<\/li>\n<li data-start=\"606\" data-end=\"873\">Pagaminta Lietuvoje.<\/li>\n<\/ul>","protected":false},"featured_media":47337,"comment_status":"open","ping_status":"closed","template":"","meta":[],"product_brand":[],"product_cat":[279,535,291,421],"product_tag":[518],"giftcard-category":[],"class_list":{"0":"post-47280","1":"product","2":"type-product","3":"status-publish","4":"has-post-thumbnail","6":"product_cat-all-products","7":"product_cat-gift-guide","8":"product_cat-new-collection","9":"product_cat-tops","10":"product_tag-shirt-grounding","12":"first","13":"instock","14":"taxable","15":"shipping-taxable","16":"purchasable","17":"product-type-variable"},"supplier_id":null,"supplier_sku":"","atum_controlled":true,"out_stock_date":null,"out_stock_threshold":null,"inheritable":true,"inbound_stock":0,"stock_on_hold":0,"sold_today":0,"sales_last_days":0,"reserved_stock":0,"customer_returns":0,"warehouse_damage":null,"lost_in_post":null,"other_logs":null,"out_stock_days":0,"lost_sales":0,"has_location":false,"update_date":"2026-04-10T06:42:40","atum_locations":[],"atum_stock_status":"instock","restock_status":false,"low_stock_amount":"","sales_update_date":"2026-04-10T06:42:40","calc_backorders":null,"jetpack_sharing_enabled":true,"_links":{"self":[{"href":"https:\/\/mudvii.shop\/lt\/wp-json\/wp\/v2\/product\/47280","targetHints":{"allow":["GET"]}}],"collection":[{"href":"https:\/\/mudvii.shop\/lt\/wp-json\/wp\/v2\/product"}],"about":[{"href":"https:\/\/mudvii.shop\/lt\/wp-json\/wp\/v2\/types\/product"}],"replies":[{"embeddable":true,"href":"https:\/\/mudvii.shop\/lt\/wp-json\/wp\/v2\/comments?post=47280"}],"version-history":[{"count":2,"href":"https:\/\/mudvii.shop\/lt\/wp-json\/wp\/v2\/product\/47280\/revisions"}],"predecessor-version":[{"id":47316,"href":"https:\/\/mudvii.shop\/lt\/wp-json\/wp\/v2\/product\/47280\/revisions\/47316"}],"wp:featuredmedia":[{"embeddable":true,"href":"https:\/\/mudvii.shop\/lt\/wp-json\/wp\/v2\/media\/47337"}],"wp:attachment":[{"href":"https:\/\/mudvii.shop\/lt\/wp-json\/wp\/v2\/media?parent=47280"}],"wp:term":[{"taxonomy":"product_brand","embeddable":true,"href":"https:\/\/mudvii.shop\/lt\/wp-json\/wp\/v2\/product_brand?post=47280"},{"taxonomy":"product_cat","embeddable":true,"href":"https:\/\/mudvii.shop\/lt\/wp-json\/wp\/v2\/product_cat?post=47280"},{"taxonomy":"product_tag","embeddable":true,"href":"https:\/\/mudvii.shop\/lt\/wp-json\/wp\/v2\/product_tag?post=47280"},{"taxonomy":"giftcard-category","embeddable":true,"href":"https:\/\/mudvii.shop\/lt\/wp-json\/wp\/v2\/giftcard-category?post=47280"}],"curies":[{"name":"wp","href":"https:\/\/api.w.org\/{rel}","templated":true}]}}