{"id":47284,"date":"2025-10-15T10:00:58","date_gmt":"2025-10-15T07:00:58","guid":{"rendered":"https:\/\/mudvii.shop\/?post_type=product&#038;p=47284"},"modified":"2025-12-15T14:42:51","modified_gmt":"2025-12-15T12:42:51","slug":"velvet-trousers-humble-white","status":"publish","type":"product","link":"https:\/\/mudvii.shop\/lt\/produktas\/velvet-trousers-humble-white\/","title":{"rendered":"Velvetin\u0117s keln\u0117s 'HUMBLE' | Balta"},"content":{"rendered":"<p>Modelis d\u0117vi S dyd\u012f<\/p>\n<p>Modelio \u016bgis - 176cm<\/p>\n<p>Composition: 95% cotton, 5% elastane<\/p>\n<p>Prie\u017ei\u016bra: Skalbti ne auk\u0161tesn\u0117je nei 30 laipsni\u0173 temperat\u016broje, nenaudoti d\u017eiovykl\u0117s, d\u017eiovinti patiesus ar pakabinus ant pakabos.<\/p>","protected":false},"excerpt":{"rendered":"<p><strong>Produkto apra\u0161ymas:\u00a0<\/strong><\/p>\n<p data-start=\"277\" data-end=\"459\">Klasikinis bei ilgaam\u017eis siluetas, persipyn\u0119s su velveto audinio \u0161velnumu bei mink\u0161tumu. \u0160ios laisvo kirpimo keln\u0117s reprezentuoja klasik\u0105, patogum\u0105 ir rafinuot\u0105 paprastum\u0105.\nVeli\u016brin\u0117 tekst\u016bra suteikia \u0161ilumos ir jaukumo poj\u016bt\u012f, tod\u0117l keln\u0117s idealiai tinka v\u0117sesniems orams.<br data-start=\"606\" data-end=\"609\" \/>Tai am\u017einas J\u016bs\u0173 drabu\u017ein\u0117s drabu\u017eis, sukurtas jud\u0117ti lengvai ir atrodyti prabangiai be pastang\u0173.<\/p>\n<ul>\n<li>Unikalios sagos su MUDVII logotipu<\/li>\n<li>2 galin\u0117s ki\u0161en\u0117s<\/li>\n<li>Pagaminta Lietuvoje.<\/li>\n<\/ul>","protected":false},"featured_media":47329,"comment_status":"open","ping_status":"closed","template":"","meta":[],"product_brand":[],"product_cat":[279,291,325],"product_tag":[519],"giftcard-category":[],"class_list":{"0":"post-47284","1":"product","2":"type-product","3":"status-publish","4":"has-post-thumbnail","6":"product_cat-all-products","7":"product_cat-new-collection","8":"product_cat-trousers","9":"product_tag-trousers-grounding","11":"first","12":"instock","13":"taxable","14":"shipping-taxable","15":"purchasable","16":"product-type-variable"},"supplier_id":null,"supplier_sku":"","atum_controlled":true,"out_stock_date":null,"out_stock_threshold":null,"inheritable":true,"inbound_stock":0,"stock_on_hold":0,"sold_today":0,"sales_last_days":0,"reserved_stock":0,"customer_returns":0,"warehouse_damage":null,"lost_in_post":null,"other_logs":null,"out_stock_days":0,"lost_sales":0,"has_location":false,"update_date":"2026-04-10T06:42:40","atum_locations":[],"atum_stock_status":"instock","restock_status":false,"low_stock_amount":"","sales_update_date":"2026-04-10T06:42:40","calc_backorders":null,"jetpack_sharing_enabled":true,"_links":{"self":[{"href":"https:\/\/mudvii.shop\/lt\/wp-json\/wp\/v2\/product\/47284","targetHints":{"allow":["GET"]}}],"collection":[{"href":"https:\/\/mudvii.shop\/lt\/wp-json\/wp\/v2\/product"}],"about":[{"href":"https:\/\/mudvii.shop\/lt\/wp-json\/wp\/v2\/types\/product"}],"replies":[{"embeddable":true,"href":"https:\/\/mudvii.shop\/lt\/wp-json\/wp\/v2\/comments?post=47284"}],"version-history":[{"count":3,"href":"https:\/\/mudvii.shop\/lt\/wp-json\/wp\/v2\/product\/47284\/revisions"}],"predecessor-version":[{"id":47430,"href":"https:\/\/mudvii.shop\/lt\/wp-json\/wp\/v2\/product\/47284\/revisions\/47430"}],"wp:featuredmedia":[{"embeddable":true,"href":"https:\/\/mudvii.shop\/lt\/wp-json\/wp\/v2\/media\/47329"}],"wp:attachment":[{"href":"https:\/\/mudvii.shop\/lt\/wp-json\/wp\/v2\/media?parent=47284"}],"wp:term":[{"taxonomy":"product_brand","embeddable":true,"href":"https:\/\/mudvii.shop\/lt\/wp-json\/wp\/v2\/product_brand?post=47284"},{"taxonomy":"product_cat","embeddable":true,"href":"https:\/\/mudvii.shop\/lt\/wp-json\/wp\/v2\/product_cat?post=47284"},{"taxonomy":"product_tag","embeddable":true,"href":"https:\/\/mudvii.shop\/lt\/wp-json\/wp\/v2\/product_tag?post=47284"},{"taxonomy":"giftcard-category","embeddable":true,"href":"https:\/\/mudvii.shop\/lt\/wp-json\/wp\/v2\/giftcard-category?post=47284"}],"curies":[{"name":"wp","href":"https:\/\/api.w.org\/{rel}","templated":true}]}}