{"id":47298,"date":"2025-10-15T10:00:38","date_gmt":"2025-10-15T07:00:38","guid":{"rendered":"https:\/\/mudvii.shop\/?post_type=product&#038;p=47298"},"modified":"2025-12-10T13:14:53","modified_gmt":"2025-12-10T11:14:53","slug":"satin-skirt-flow","status":"publish","type":"product","link":"https:\/\/mudvii.shop\/lt\/produktas\/satin-skirt-flow\/","title":{"rendered":"Sijonas 'FLOW'"},"content":{"rendered":"<p>Modelis d\u0117vi S dyd\u012f<\/p>\n<p>Modelio \u016bgis - 176cm<\/p>\n<p>Sud\u0117tis: 100% viskoz\u0117<\/p>\n<p>Prie\u017ei\u016bra: Skalbti ne auk\u0161tesn\u0117je nei 30 laipsni\u0173 temperat\u016broje, nenaudoti d\u017eiovykl\u0117s.<\/p>","protected":false},"excerpt":{"rendered":"<p><strong>Produkto apra\u0161ymas:<\/strong><\/p>\n<p data-start=\"219\" data-end=\"441\">Grak\u0161tus ir am\u017einas siluetas. Pagamintas i\u0161 100% viskoz\u0117s, kuri turi \u0161veln\u0173 satino blizges\u012f ir lengvai krentant\u012f audin\u012f, kuris subtiliai gaudo \u0161vies\u0105.\n Juosmuo su elastine guma, kuri puikiai prisitaiko prie \u012fvairi\u0173 k\u016bno form\u0173.\nMidi ilgio sijonas, suteiks kiekvienam deriniui \u0161ilko lengvumo, grak\u0161tumo bei subtilios elegancijos.<\/p>\n<ul>\n<li data-start=\"219\" data-end=\"441\">\u0160ampanin\u0117 spalva<\/li>\n<li data-start=\"219\" data-end=\"441\">Elastin\u0117 guma ties juosmeniu<\/li>\n<li data-start=\"219\" data-end=\"441\">Pagaminta Lietuvoje.<\/li>\n<\/ul>","protected":false},"featured_media":47345,"comment_status":"open","ping_status":"closed","template":"","meta":[],"product_brand":[],"product_cat":[279,291,333],"product_tag":[],"giftcard-category":[],"class_list":{"0":"post-47298","1":"product","2":"type-product","3":"status-publish","4":"has-post-thumbnail","6":"product_cat-all-products","7":"product_cat-new-collection","8":"product_cat-skirts","10":"first","11":"instock","12":"taxable","13":"shipping-taxable","14":"purchasable","15":"product-type-variable"},"supplier_id":null,"supplier_sku":"","atum_controlled":true,"out_stock_date":null,"out_stock_threshold":null,"inheritable":true,"inbound_stock":0,"stock_on_hold":0,"sold_today":0,"sales_last_days":0,"reserved_stock":0,"customer_returns":0,"warehouse_damage":null,"lost_in_post":null,"other_logs":null,"out_stock_days":0,"lost_sales":0,"has_location":false,"update_date":"2026-04-10T06:42:39","atum_locations":[],"atum_stock_status":"instock","restock_status":false,"low_stock_amount":"","sales_update_date":"2026-04-10T06:42:39","calc_backorders":null,"jetpack_sharing_enabled":true,"_links":{"self":[{"href":"https:\/\/mudvii.shop\/lt\/wp-json\/wp\/v2\/product\/47298","targetHints":{"allow":["GET"]}}],"collection":[{"href":"https:\/\/mudvii.shop\/lt\/wp-json\/wp\/v2\/product"}],"about":[{"href":"https:\/\/mudvii.shop\/lt\/wp-json\/wp\/v2\/types\/product"}],"replies":[{"embeddable":true,"href":"https:\/\/mudvii.shop\/lt\/wp-json\/wp\/v2\/comments?post=47298"}],"version-history":[{"count":2,"href":"https:\/\/mudvii.shop\/lt\/wp-json\/wp\/v2\/product\/47298\/revisions"}],"predecessor-version":[{"id":47375,"href":"https:\/\/mudvii.shop\/lt\/wp-json\/wp\/v2\/product\/47298\/revisions\/47375"}],"wp:featuredmedia":[{"embeddable":true,"href":"https:\/\/mudvii.shop\/lt\/wp-json\/wp\/v2\/media\/47345"}],"wp:attachment":[{"href":"https:\/\/mudvii.shop\/lt\/wp-json\/wp\/v2\/media?parent=47298"}],"wp:term":[{"taxonomy":"product_brand","embeddable":true,"href":"https:\/\/mudvii.shop\/lt\/wp-json\/wp\/v2\/product_brand?post=47298"},{"taxonomy":"product_cat","embeddable":true,"href":"https:\/\/mudvii.shop\/lt\/wp-json\/wp\/v2\/product_cat?post=47298"},{"taxonomy":"product_tag","embeddable":true,"href":"https:\/\/mudvii.shop\/lt\/wp-json\/wp\/v2\/product_tag?post=47298"},{"taxonomy":"giftcard-category","embeddable":true,"href":"https:\/\/mudvii.shop\/lt\/wp-json\/wp\/v2\/giftcard-category?post=47298"}],"curies":[{"name":"wp","href":"https:\/\/api.w.org\/{rel}","templated":true}]}}