{"id":47643,"date":"2025-10-29T10:00:13","date_gmt":"2025-10-29T08:00:13","guid":{"rendered":"https:\/\/mudvii.shop\/?post_type=product&#038;p=47643"},"modified":"2025-12-16T10:13:44","modified_gmt":"2025-12-16T08:13:44","slug":"wool-coat-independence-mulberry","status":"publish","type":"product","link":"https:\/\/mudvii.shop\/lt\/produktas\/wool-coat-independence-mulberry\/","title":{"rendered":"Vilnos paltas 'INDEPENDENCE' | Mulberry"},"content":{"rendered":"<p>Modelio \u016bgis - 176cm. Modelis vilki S\/M dyd\u012f.<\/p>\n<p>Sud\u0117tis: 100% vilna. Pamu\u0161alas: 100% viskoz\u0117.<\/p>\n<p>Care: dry clean only.<\/p>","protected":false},"excerpt":{"rendered":"<p><strong>Produkto apra\u0161ymas:<\/strong><\/p>\n<p>Laikui nepavaldi elegancija.<br data-start=\"350\" data-end=\"353\" \/>Ilgas, dvieilio sag\u0173 susegimo, vilnos paltas, kuriame pagrindin\u012f vaidmen\u012f atlieka detal\u0117s, \u0161velniai plat\u0117jantys rankogaliai bei MUDVII logotipu puo\u0161tos sagos ir nepriekai\u0161tingas kirpimas. Kiekviena detal\u0117 alsuoja prabanga bei i\u0161ry\u0161kina paprastumo ir vidin\u0117s stipryb\u0117s gro\u017e\u012f.\nIndependence \u2013 tai ramyb\u0117s, pasitik\u0117jimo ir nesenstan\u010dios elegancijos atspindys.<\/p>\n<ul>\n<li>Dvieilis sag\u0173 dizainas<\/li>\n<li>Statyti didinti pe\u010diai<\/li>\n<li>MUDVII logotipu puo\u0161tos sagos<\/li>\n<li>Pagaminta Lietuvoje.<\/li>\n<\/ul>","protected":false},"featured_media":47630,"comment_status":"open","ping_status":"closed","template":"","meta":[],"product_brand":[],"product_cat":[279,310,319,291],"product_tag":[521],"giftcard-category":[],"class_list":{"0":"post-47643","1":"product","2":"type-product","3":"status-publish","4":"has-post-thumbnail","6":"product_cat-all-products","7":"product_cat-classic-collection","8":"product_cat-trench-coats","9":"product_cat-new-collection","10":"product_tag-coat-independence","12":"first","13":"instock","14":"taxable","15":"shipping-taxable","16":"purchasable","17":"product-type-variable"},"supplier_id":null,"supplier_sku":"","atum_controlled":true,"out_stock_date":null,"out_stock_threshold":null,"inheritable":true,"inbound_stock":0,"stock_on_hold":0,"sold_today":0,"sales_last_days":0,"reserved_stock":0,"customer_returns":0,"warehouse_damage":null,"lost_in_post":null,"other_logs":null,"out_stock_days":0,"lost_sales":0,"has_location":false,"update_date":"2026-04-10T06:42:42","atum_locations":[],"atum_stock_status":"instock","restock_status":false,"low_stock_amount":"","sales_update_date":"2026-04-10T06:42:42","calc_backorders":null,"jetpack_sharing_enabled":true,"_links":{"self":[{"href":"https:\/\/mudvii.shop\/lt\/wp-json\/wp\/v2\/product\/47643","targetHints":{"allow":["GET"]}}],"collection":[{"href":"https:\/\/mudvii.shop\/lt\/wp-json\/wp\/v2\/product"}],"about":[{"href":"https:\/\/mudvii.shop\/lt\/wp-json\/wp\/v2\/types\/product"}],"replies":[{"embeddable":true,"href":"https:\/\/mudvii.shop\/lt\/wp-json\/wp\/v2\/comments?post=47643"}],"version-history":[{"count":2,"href":"https:\/\/mudvii.shop\/lt\/wp-json\/wp\/v2\/product\/47643\/revisions"}],"predecessor-version":[{"id":47649,"href":"https:\/\/mudvii.shop\/lt\/wp-json\/wp\/v2\/product\/47643\/revisions\/47649"}],"wp:featuredmedia":[{"embeddable":true,"href":"https:\/\/mudvii.shop\/lt\/wp-json\/wp\/v2\/media\/47630"}],"wp:attachment":[{"href":"https:\/\/mudvii.shop\/lt\/wp-json\/wp\/v2\/media?parent=47643"}],"wp:term":[{"taxonomy":"product_brand","embeddable":true,"href":"https:\/\/mudvii.shop\/lt\/wp-json\/wp\/v2\/product_brand?post=47643"},{"taxonomy":"product_cat","embeddable":true,"href":"https:\/\/mudvii.shop\/lt\/wp-json\/wp\/v2\/product_cat?post=47643"},{"taxonomy":"product_tag","embeddable":true,"href":"https:\/\/mudvii.shop\/lt\/wp-json\/wp\/v2\/product_tag?post=47643"},{"taxonomy":"giftcard-category","embeddable":true,"href":"https:\/\/mudvii.shop\/lt\/wp-json\/wp\/v2\/giftcard-category?post=47643"}],"curies":[{"name":"wp","href":"https:\/\/api.w.org\/{rel}","templated":true}]}}