{"id":47848,"date":"2025-11-09T10:00:35","date_gmt":"2025-11-09T08:00:35","guid":{"rendered":"https:\/\/mudvii.shop\/?post_type=product&#038;p=47848"},"modified":"2025-12-09T09:02:18","modified_gmt":"2025-12-09T07:02:18","slug":"paper-gift-card","status":"publish","type":"product","link":"https:\/\/mudvii.shop\/lt\/produktas\/paper-gift-card\/","title":{"rendered":"Popierinis dovan\u0173 kuponas"},"content":{"rendered":"","protected":false},"excerpt":{"rendered":"<p><strong>Popierinis<\/strong> gift card comes with a gift packaging<br \/>\n<b><br \/>\nDovan\u0173 kupon\u0173 naudojimo taisykl\u0117s:<\/b><\/p>\n<ul>\n<li>Dovan\u0173 kuponai atgal nepriimami ir \u012f grynuosius pinigus nekei\u010diami.<\/li>\n<li>Dovan\u0173 kuponas skirtas apsipirkti vien\u0105 kart\u0105 elektronin\u0117je parduotuv\u0117je: mudvii.shop<\/li>\n<li>Jeigu dovan\u0173 kupono sumos nepakanka vykdomam apsipirkimui, skirtumas apmokamas pirkimo metu.<\/li>\n<li>Jeigu dovan\u0173 kupono suma didesn\u0117 nei vykdomas apsipirkimas, nepanaudota pinig\u0173 suma negr\u0105\u017einama.<\/li>\n<li>Dovan\u0173 kuponas galioja \u0161e\u0161is m\u0117nesius nuo pirkimo datos, po kupono galiojimo pabaigos pinigai negr\u0105\u017einami.<\/li>\n<\/ul>","protected":false},"featured_media":48327,"comment_status":"open","ping_status":"closed","template":"","meta":[],"product_brand":[],"product_cat":[288,535],"product_tag":[],"giftcard-category":[],"class_list":{"0":"post-47848","1":"product","2":"type-product","3":"status-publish","4":"has-post-thumbnail","6":"product_cat-gift-cards","7":"product_cat-gift-guide","9":"first","10":"instock","11":"taxable","12":"shipping-taxable","13":"purchasable","14":"product-type-variable"},"supplier_id":null,"supplier_sku":"","atum_controlled":true,"out_stock_date":null,"out_stock_threshold":null,"inheritable":true,"inbound_stock":0,"stock_on_hold":0,"sold_today":0,"sales_last_days":0,"reserved_stock":0,"customer_returns":0,"warehouse_damage":null,"lost_in_post":null,"other_logs":null,"out_stock_days":0,"lost_sales":0,"has_location":false,"update_date":"2026-04-10T06:42:39","atum_locations":[],"atum_stock_status":"instock","restock_status":false,"low_stock_amount":"","sales_update_date":"2026-04-10T06:42:39","calc_backorders":null,"jetpack_sharing_enabled":true,"_links":{"self":[{"href":"https:\/\/mudvii.shop\/lt\/wp-json\/wp\/v2\/product\/47848","targetHints":{"allow":["GET"]}}],"collection":[{"href":"https:\/\/mudvii.shop\/lt\/wp-json\/wp\/v2\/product"}],"about":[{"href":"https:\/\/mudvii.shop\/lt\/wp-json\/wp\/v2\/types\/product"}],"replies":[{"embeddable":true,"href":"https:\/\/mudvii.shop\/lt\/wp-json\/wp\/v2\/comments?post=47848"}],"version-history":[{"count":3,"href":"https:\/\/mudvii.shop\/lt\/wp-json\/wp\/v2\/product\/47848\/revisions"}],"predecessor-version":[{"id":48331,"href":"https:\/\/mudvii.shop\/lt\/wp-json\/wp\/v2\/product\/47848\/revisions\/48331"}],"wp:featuredmedia":[{"embeddable":true,"href":"https:\/\/mudvii.shop\/lt\/wp-json\/wp\/v2\/media\/48327"}],"wp:attachment":[{"href":"https:\/\/mudvii.shop\/lt\/wp-json\/wp\/v2\/media?parent=47848"}],"wp:term":[{"taxonomy":"product_brand","embeddable":true,"href":"https:\/\/mudvii.shop\/lt\/wp-json\/wp\/v2\/product_brand?post=47848"},{"taxonomy":"product_cat","embeddable":true,"href":"https:\/\/mudvii.shop\/lt\/wp-json\/wp\/v2\/product_cat?post=47848"},{"taxonomy":"product_tag","embeddable":true,"href":"https:\/\/mudvii.shop\/lt\/wp-json\/wp\/v2\/product_tag?post=47848"},{"taxonomy":"giftcard-category","embeddable":true,"href":"https:\/\/mudvii.shop\/lt\/wp-json\/wp\/v2\/giftcard-category?post=47848"}],"curies":[{"name":"wp","href":"https:\/\/api.w.org\/{rel}","templated":true}]}}